{"id":12184,"date":"2017-03-24T16:11:21","date_gmt":"2017-03-24T16:11:21","guid":{"rendered":"https:\/\/www.tkisrl.it\/chi-siamo\/"},"modified":"2023-05-23T12:31:12","modified_gmt":"2023-05-23T10:31:12","slug":"chi-siamo","status":"publish","type":"page","link":"https:\/\/www.tkisrl.it\/da\/chi-siamo\/","title":{"rendered":"HVEM ER VI"},"content":{"rendered":"<p>[vc_row][vc_column][vc_empty_space height=&#8221;100px&#8221;][\/vc_column][vc_column offset=&#8221;vc_col-lg-7 vc_col-md-8&#8243;][vc_column_text]<\/p>\n<h5>Tekno Kons Innovations er en ung og dynamisk virksomhed etableret i 2015, som fortrinsvis opererer i sektorerne for vej- og jernbaneinfrastrukturer samt indenfor opf\u00f8relse af beboelses- og industriejendomme. Virksomheden har s\u00e6de i Italien og Belgien.<\/h5>\n<p>Som partner i det velrenommerede italienske selskab Tekno Kons Innovation srl, best\u00e5r Tekno Kons Innovations af h\u00f8jt kvalificerede specialister med flere \u00e5rs erfaring i de forskellige fagomr\u00e5der og tilbyder et bredt spekter af serviceydelser fra tekniske bygge- og anl\u00e6gsl\u00f8sninger til alment byggeri, teknologiske systemer, jernbanerelaterede tjenesteydelser samt r\u00e5dgivning i og styring af byggeprojekter.<\/p>\n<p>Vi leverer komplet og dynamisk bistand til private virksomheder og offentlige myndigheder takket v\u00e6re en velorganiseret og diversificeret virksomhedsstruktur i vores forskellige operative afdelinger, der hver is\u00e6r er sammensat af ekspertgrupper best\u00e5ende af ingeni\u00f8rer, bygningskonstrukt\u00f8rer og specialiserede teknikere. Herved st\u00e5r vi til r\u00e5dighed med et bredt spekter af tekniske og procedurem\u00e6ssige l\u00f8sninger, der sikrer fuld og kontinuerlig bistand. Vor tv\u00e6rfaglige tekniske baggrund suppleret med erfaring og operationelle kvalifikationer sikrer vores team den n\u00f8dvendige ekspertise til at kunne tilgodese og opfylde vore forskellige faglige partneres specifikke behov.<\/p>\n<blockquote>\n<h4>Str\u00e6ben efter resultater af h\u00f8jeste kvalitet er drivkraften bag PTekno Kons Innovations, dag efter dag<\/h4>\n<\/blockquote>\n<p>[\/vc_column_text][\/vc_column][vc_column width=&#8221;1\/12&#8243; offset=&#8221;vc_col-lg-1 vc_hidden-md vc_hidden-sm vc_hidden-xs&#8221;][\/vc_column][vc_column offset=&#8221;vc_col-lg-4 vc_col-md-4 vc_hidden-sm vc_hidden-xs&#8221;]<div class=\"ult-spacer spacer-69e62484973e9\" data-id=\"69e62484973e9\" data-height=\"0\" data-height-mobile=\"0\" data-height-tab=\"50\" data-height-tab-portrait=\"0\" data-height-mobile-landscape=\"0\" style=\"clear:both;display:block;\"><\/div><div class=\"st-advanced-image \" id=\"st-advanced-single-image-69e6248497426\"><div class=\"st-advanced-image-inner center\" style=\"background-image:url(https:\/\/www.tkisrl.it\/wp-content\/uploads\/2020\/05\/digitalbim.jpg);height:520px;width:100%;\"><\/div><\/div>[\/vc_column][\/vc_row][vc_row][vc_column][vc_empty_space height=&#8221;70px&#8221;][\/vc_column][\/vc_row][vc_row st_row_width=&#8221;row-full-width&#8221; equal_height=&#8221;yes&#8221;][vc_column width=&#8221;1\/2&#8243; offset=&#8221;vc_col-lg-6 vc_col-md-6 vc_hidden-sm vc_hidden-xs&#8221; css=&#8221;.vc_custom_1590054067103{background-image: url(https:\/\/www.tkisrl.it\/wp-content\/uploads\/2020\/05\/building-information-modelling-bim-key-visual-v2-0.jpg?id=11949) !important;background-position: center !important;background-repeat: no-repeat !important;background-size: cover !important;}&#8221;][\/vc_column][vc_column st_column_responsive_remove_css=&#8221;st-remove-paddings&#8221; css=&#8221;.vc_custom_1589986000275{padding-right: 8% !important;padding-left: 100px !important;background-color: #405666 !important;}&#8221; offset=&#8221;vc_col-lg-6 vc_col-md-6&#8243;][vc_empty_space height=&#8221;85px&#8221;]<div id=\"aio-icon-component-3635\" class=\"aio-icon-component  vc_custom_1603287337445   style_1\" ><div id=\"Info-box-wrap-7002\" class=\"aio-icon-box left-icon \" style=\"\"  ><div class=\"aio-icon-left\"><div class=\"ult-just-icon-wrapper  \"><div class=\"align-icon\" style=\"text-align:center;\">\n<div class=\"aio-icon advanced \"  style=\"color:#0097c1;border-style:solid;border-color:#0097c1;border-width:3px;width:90px;height:90px;line-height:90px;border-radius:90px;font-size:40px;display:inline-block;\">\n\t<i class=\"Defaults-cogs gears\"><\/i>\n<\/div><\/div><\/div><\/div><div class=\"aio-ibd-block\"><div class=\"aio-icon-header\" ><h3 class=\"aio-icon-title ult-responsive\"  data-ultimate-target='#Info-box-wrap-7002 .aio-icon-title'  data-responsive-json-new='{\"font-size\":\"desktop:30px;\",\"line-height\":\"\"}'  style=\"font-weight:bold;color:#ffffff;\">Innovation og Udvikling<\/h3><\/div> <!-- header --><\/div> <!-- aio-ibd-block --><\/div> <!-- aio-icon-box --><\/div> <!-- aio-icon-component -->[vc_empty_space height=&#8221;45px&#8221;][vc_column_text]<span style=\"color: #ffffff;\">I l\u00f8bet af de sidste 10 \u00e5r har Tekno Kons Innovations igennem aktivt samarbejde med de ledende virksomheder p\u00e5 omr\u00e5det bidraget til virkeligg\u00f8relse af vigtige og prestigefyldte infrastrukturprojekter i Europa. Som eksempler kan n\u00e6vnes jernbanelinjen AV\/AC mellem Verona og Padova opf\u00f8rt i samarbejde med Bonifica SpA og Ansaldo STS SpA, linje M4 i Milano Metro, Metro C i Rom med Ansaldo STA SpA, osv.<br \/>\nGennem vores arbejde, der udf\u00f8res i overensstemmelse med standarderne i den til enhver tid g\u00e6ldende lovgivning og under overholdelse af kravene i det europ\u00e6iske kvalitetsstyringssystem UNI EN ISO 9001:2015, sikrer vi at levere ydelser af h\u00f8jeste kvalitet.<\/span>[\/vc_column_text][vc_empty_space height=&#8221;20px&#8221;][st_simple_link st_simple_link_alignment=&#8221;text-left&#8221; st_simple_link_dark_bg=&#8221;yes&#8221; st_simple_link_title=&#8221;Opdage tjenesterne&#8221; st_simple_link_link=&#8221;url:%2Fde%2Fi-nostri-servizi%2F|||&#8221;][vc_empty_space height=&#8221;70px&#8221;][\/vc_column][\/vc_row][vc_row st_row_width=&#8221;row-full-width&#8221; equal_height=&#8221;yes&#8221;][vc_column st_column_responsive_remove_css=&#8221;st-remove-paddings&#8221; css=&#8221;.vc_custom_1589986009398{padding-right: 100px !important;padding-left: 8% !important;background-color: #0097c1 !important;}&#8221; offset=&#8221;vc_col-lg-6 vc_col-md-6&#8243;][vc_empty_space height=&#8221;85px&#8221;]<div id=\"aio-icon-component-8331\" class=\"aio-icon-component  vc_custom_1603287417630   style_1\" ><div id=\"Info-box-wrap-7110\" class=\"aio-icon-box left-icon \" style=\"\"  ><div class=\"aio-icon-left\"><div class=\"ult-just-icon-wrapper  \"><div class=\"align-icon\" style=\"text-align:center;\">\n<div class=\"aio-icon advanced \"  style=\"color:#405666;border-style:solid;border-color:#405666;border-width:3px;width:90px;height:90px;line-height:90px;border-radius:90px;font-size:40px;display:inline-block;\">\n\t<i class=\"Defaults-group users\"><\/i>\n<\/div><\/div><\/div><\/div><div class=\"aio-ibd-block\"><div class=\"aio-icon-header\" ><h3 class=\"aio-icon-title ult-responsive\"  data-ultimate-target='#Info-box-wrap-7110 .aio-icon-title'  data-responsive-json-new='{\"font-size\":\"desktop:30px;\",\"line-height\":\"\"}'  style=\"font-weight:bold;color:#ffffff;\">Partnerskab og Samarbejde<\/h3><\/div> <!-- header --><\/div> <!-- aio-ibd-block --><\/div> <!-- aio-icon-box --><\/div> <!-- aio-icon-component -->[vc_empty_space height=&#8221;45px&#8221;][vc_column_text]<span style=\"color: #ffffff;\">Takket v\u00e6re en bred vifte af partnerskaber og samarbejder i de seneste \u00e5r, har Tekno Kons Innovations udviklet sig til en solid virksomhed p\u00e5 omr\u00e5det med et enormt potentiale for v\u00e6kst i de kommende \u00e5r. <\/span><\/p>\n<p><span style=\"color: #ffffff;\">Udarbejdelse og udvikling af avancerede arbejdsmetoder indenfor de forskellige omr\u00e5der samt den stadige faglige opdatering af vores stab udg\u00f8r et referencepunkt for udviklingen af de store europ\u00e6iske infrastrukturnet og i de st\u00f8rste europ\u00e6iske hovedst\u00e6ders omdannelse til Smart Cities.<\/span>[\/vc_column_text][vc_empty_space height=&#8221;20px&#8221;][st_simple_link st_simple_link_alignment=&#8221;text-left&#8221; st_simple_link_dark_bg=&#8221;yes&#8221; st_simple_link_title=&#8221;Opdage tjenesterne&#8221; st_simple_link_link=&#8221;url:%2Fde%2Fi-nostri-servizi%2F|||&#8221;][vc_empty_space height=&#8221;70px&#8221;][\/vc_column][vc_column width=&#8221;1\/2&#8243; offset=&#8221;vc_col-lg-6 vc_col-md-6 vc_hidden-sm vc_hidden-xs&#8221; css=&#8221;.vc_custom_1590054301358{background-image: url(https:\/\/www.tkisrl.it\/wp-content\/uploads\/2020\/05\/pk-chi-siamo.jpg?id=11950) !important;background-position: center !important;background-repeat: no-repeat !important;background-size: cover !important;}&#8221;][\/vc_column][\/vc_row][vc_row][vc_column][vc_empty_space height=&#8221;80px&#8221;][\/vc_column][\/vc_row][vc_row][vc_column offset=&#8221;vc_col-lg-5 vc_col-md-5&#8243;]<div id=\"ultimate-heading-556369e6248497aba\" class=\"uvc-heading ult-adjust-bottom-margin ultimate-heading-556369e6248497aba uvc-566  enable-elem side h2\" data-hspacer=\"no_spacer\"  data-halign=\"left\" style=\"text-align:left;\"><i class=\"st-h-before\"><i><\/i><\/i><div class=\"uvc-heading-spacer no_spacer\" style=\"top\"><\/div><div class=\"uvc-main-heading ult-responsive\"  data-ultimate-target='.uvc-heading.ultimate-heading-556369e6248497aba h2'  data-responsive-json-new='{\"font-size\":\"desktop:30px;\",\"line-height\":\"\"}' ><h2 style=\"font-weight:bold;\">Kvalitet og Sikkerhed<\/h2><\/div><div class=\"uvc-sub-heading ult-responsive\"  data-ultimate-target='.uvc-heading.ultimate-heading-556369e6248497aba .uvc-sub-heading '  data-responsive-json-new='{\"font-size\":\"desktop:22px;\",\"line-height\":\"\"}'  style=\"font-weight:normal;color:#999999;\">Vores certificeringer<\/div><\/div><div class=\"ult-spacer spacer-69e6248497b1d\" data-id=\"69e6248497b1d\" data-height=\"0\" data-height-mobile=\"40\" data-height-tab=\"0\" data-height-tab-portrait=\"40\" data-height-mobile-landscape=\"40\" style=\"clear:both;display:block;\"><\/div>[\/vc_column][vc_column st_column_responsive_remove_css=&#8221;st-remove-paddings&#8221; css=&#8221;.vc_custom_1484599481511{padding-left: 80px !important;}&#8221; offset=&#8221;vc_col-lg-7 vc_col-md-7&#8243;][\/vc_column][\/vc_row][vc_row gap=&#8221;15&#8243;][vc_column width=&#8221;1\/2&#8243;][vc_empty_space height=&#8221;30px&#8221;][vc_column_text]Kvalitetsstyringssystemet er for PTekno Kons Innovations et af de vigtigste aspekter i virksomhedens politik og udg\u00f8r det afg\u00f8rende element i ethvert projekt som det grundl\u00e6ggende regels\u00e6t og ledetr\u00e5den for vores professionelle medarbejdere.<\/p>\n<p>Ved at operere i overensstemmelse med de internationale standarder i den til enhver tid g\u00e6ldende lovgivning og under overholdelse af kravene i det europ\u00e6iske kvalitetsstyringssystem UNI EN ISO 9001:2015, sikrer vi at opn\u00e5 og opretholde den h\u00f8jeste kvalitet i de ydelser, vi leverer.<\/p>\n<p>Vores tilsagn om at opretholde dette h\u00f8je niveau sikres gennem den vedvarende og engagerede indsats, som alle medarbejderne i virksomhedens forskellige operative afdelinger l\u00e6gger for dagen; en pr\u00e6station, som er under stadig fornyelse, ligesom der l\u00f8bende foretages kontrol og inspektion, s\u00e5ledes at kvalitetsstyringen som s\u00e5dan forbliver et effektivt redskab til udvikling og forbedring til gavn for vores kunder.[\/vc_column_text][\/vc_column][vc_column width=&#8221;1\/2&#8243;][vc_empty_space height=&#8221;30px&#8221;][vc_column_text]Tekno Kons Innovations l\u00e6gger stor v\u00e6gt p\u00e5 hensynet til s\u00e5vel milj\u00f8beskyttelse som sikkerhed p\u00e5 arbejdspladserne, og vi har derfor indledt verifikationsforl\u00f8bene med henblik p\u00e5 certificering i henhold til den internationale standard for milj\u00f8ledelse ISO 14001:2015 samt til standarden for sikkerheden p\u00e5 arbejdspladsen ISO 45001:2018 (tidligere OHSAS 18001:2007), som begge er m\u00e5let for virksomhedens str\u00e6ben efter implementering af det integrerede ledelsessystem (SGI).[\/vc_column_text][\/vc_column][\/vc_row][vc_row st_row_width=&#8221;row-full-width&#8221;][vc_column][vc_empty_space height=&#8221;60px&#8221;][vc_row_inner][vc_column_inner width=&#8221;1\/2&#8243;][\/vc_column_inner][vc_column_inner width=&#8221;1\/2&#8243;][\/vc_column_inner][\/vc_row_inner][\/vc_column][vc_column width=&#8221;1\/6&#8243;][\/vc_column][vc_column offset=&#8221;vc_col-lg-8 vc_col-md-12&#8243;][\/vc_column][vc_column width=&#8221;1\/6&#8243;][\/vc_column][vc_column][vc_empty_space height=&#8221;60px&#8221;][\/vc_column][\/vc_row][vc_row bg_type=&#8221;bg_color&#8221; bg_override=&#8221;full&#8221; bg_color_value=&#8221;#0097c1&#8243;][vc_column width=&#8221;1\/3&#8243;][vc_empty_space height=&#8221;25px&#8221;]<div id=\"aio-icon-component-2280\" class=\"aio-icon-component  vc_custom_1608544497497   style_4\" ><a class=\"aio-icon-box-link\" href=\"https:\/\/www.tkisrl.it\/company-profile\/P&K_2020_Company%20Profile_EN_rev.1.00.pdf\" ><div id=\"Info-box-wrap-9966\" class=\"aio-icon-box left-icon \" style=\"\"  ><div class=\"aio-icon-left\"><div class=\"ult-just-icon-wrapper  \"><div class=\"align-icon\" style=\"text-align:center;\">\n<div class=\"aio-icon advanced \"  style=\"color:#ffffff;background:#30495e;border-style:solid;border-color:;border-width:0px;width:50px;height:50px;line-height:50px;border-radius:50px;font-size:26px;display:inline-block;\">\n\t<i class=\"Defaults-download\"><\/i>\n<\/div><\/div><\/div><\/div><div class=\"aio-ibd-block\"><div class=\"aio-icon-description ult-responsive\"  data-ultimate-target='#Info-box-wrap-9966 .aio-icon-description'  data-responsive-json-new='{\"font-size\":\"desktop:14px;\",\"line-height\":\"\"}'  style=\"color:#ffffff;\">DOWNLOAD VORES VIRKSOMHEDSPROFIL<\/div> <!-- description --><\/div> <!-- aio-ibd-block --><\/div> <!-- aio-icon-box --><\/a><\/div> <!-- aio-icon-component --><script type=\"text\/javascript\">jQuery(document).ready(function(){jQuery('head').append('<style type=\"text\/css\">#aio-icon-component-2280.style_4:hover #Info-box-wrap-9966 .ult-just-icon-wrapper .aio-icon{color:#30495e !important} #aio-icon-component-2280.style_4:hover #Info-box-wrap-9966 .ult-just-icon-wrapper .aio-icon, #aio-icon-component-2280.style_4:hover #Info-box-wrap-9966 .ult-just-icon-wrapper .aio-icon-img{background:#ffffff !important} <\/style>');});<\/script>[vc_empty_space height=&#8221;20px&#8221;][\/vc_column][vc_column width=&#8221;1\/3&#8243;][vc_empty_space height=&#8221;20px&#8221;]<div id=\"aio-icon-component-9453\" class=\"aio-icon-component  vc_custom_1605610529800   style_4\" ><a class=\"aio-icon-box-link\" href=\"https:\/\/www.tkisrl.it\/contatti\/\" ><div id=\"Info-box-wrap-5351\" class=\"aio-icon-box left-icon \" style=\"\"  ><div class=\"aio-icon-left\"><div class=\"ult-just-icon-wrapper  \"><div class=\"align-icon\" style=\"text-align:center;\">\n<div class=\"aio-icon advanced \"  style=\"color:#ffffff;background:#30495e;border-style:solid;border-color:;border-width:0px;width:50px;height:50px;line-height:50px;border-radius:50px;font-size:26px;display:inline-block;\">\n\t<i class=\"Defaults-comment\"><\/i>\n<\/div><\/div><\/div><\/div><div class=\"aio-ibd-block\"><div class=\"aio-icon-description ult-responsive\"  data-ultimate-target='#Info-box-wrap-5351 .aio-icon-description'  data-responsive-json-new='{\"font-size\":\"desktop:14px;\",\"line-height\":\"\"}'  style=\"color:#ffffff;\">FORESP\u00d8RG KONSULENTBISTAND<\/div> <!-- description --><\/div> <!-- aio-ibd-block --><\/div> <!-- aio-icon-box --><\/a><\/div> <!-- aio-icon-component --><script type=\"text\/javascript\">jQuery(document).ready(function(){jQuery('head').append('<style type=\"text\/css\">#aio-icon-component-9453.style_4:hover #Info-box-wrap-5351 .ult-just-icon-wrapper .aio-icon{color:#30495e !important} #aio-icon-component-9453.style_4:hover #Info-box-wrap-5351 .ult-just-icon-wrapper .aio-icon, #aio-icon-component-9453.style_4:hover #Info-box-wrap-5351 .ult-just-icon-wrapper .aio-icon-img{background:#ffffff !important} <\/style>');});<\/script>[\/vc_column][vc_column width=&#8221;1\/3&#8243;][vc_empty_space height=&#8221;20px&#8221;]<div id=\"aio-icon-component-5672\" class=\"aio-icon-component  vc_custom_1605610539005   style_4\" ><a class=\"aio-icon-box-link\" href=\"https:\/\/www.tkisrl.it\/contatti\/\" ><div id=\"Info-box-wrap-3073\" class=\"aio-icon-box left-icon \" style=\"\"  ><div class=\"aio-icon-left\"><div class=\"ult-just-icon-wrapper  \"><div class=\"align-icon\" style=\"text-align:center;\">\n<div class=\"aio-icon advanced \"  style=\"color:#ffffff;background:#30495e;border-style:solid;border-color:;border-width:0px;width:50px;height:50px;line-height:50px;border-radius:50px;font-size:26px;display:inline-block;\">\n\t<i class=\"Defaults-map-marker\"><\/i>\n<\/div><\/div><\/div><\/div><div class=\"aio-ibd-block\"><div class=\"aio-icon-description ult-responsive\"  data-ultimate-target='#Info-box-wrap-3073 .aio-icon-description'  data-responsive-json-new='{\"font-size\":\"desktop:14px;\",\"line-height\":\"\"}'  style=\"color:#ffffff;\">HER ER VI<\/div> <!-- description --><\/div> <!-- aio-ibd-block --><\/div> <!-- aio-icon-box --><\/a><\/div> <!-- aio-icon-component --><script type=\"text\/javascript\">jQuery(document).ready(function(){jQuery('head').append('<style type=\"text\/css\">#aio-icon-component-5672.style_4:hover #Info-box-wrap-3073 .ult-just-icon-wrapper .aio-icon{color:#30495e !important} #aio-icon-component-5672.style_4:hover #Info-box-wrap-3073 .ult-just-icon-wrapper .aio-icon, #aio-icon-component-5672.style_4:hover #Info-box-wrap-3073 .ult-just-icon-wrapper .aio-icon-img{background:#ffffff !important} <\/style>');});<\/script>[\/vc_column][\/vc_row][vc_row bg_type=&#8221;image&#8221; parallax_style=&#8221;vcpb-default&#8221; bg_image_new=&#8221;id^11601|url^https:\/\/slimtemplate.net\/adamas-it-import\/wp-content\/uploads\/sites\/17\/2017\/11\/Back-01-IT.png|caption^Back-01-IT|alt^Back-01-IT|title^Back-01-IT|description^Back-01-IT&#8221; bg_override=&#8221;full&#8221; enable_overlay=&#8221;enable_overlay_value&#8221; overlay_color=&#8221;rgba(48,73,94,0.7)&#8221;][vc_column][vc_empty_space height=&#8221;180px&#8221;][vc_custom_heading text=&#8221;<b>Vores kunders succes &#8211; <mark>vores succes!<\/mark><\/b>&#8221; font_container=&#8221;tag:div|font_size:40|text_align:center|color:%23ffffff|line_height:56px&#8221; use_theme_fonts=&#8221;yes&#8221;][vc_empty_space height=&#8221;40px&#8221;]<div class=\" ubtn-ctn-center \"><a class=\"ubtn-link ult-adjust-bottom-margin ubtn-center ubtn-custom \" href=\"https:\/\/www.tkisrl.it\/da\/i-nostri-servizi\/\" ><button type=\"button\" id=\"ubtn-1200\"  class=\"ubtn ult-adjust-bottom-margin ult-responsive ubtn-custom ubtn-no-hover-bg  none  ubtn-sep-icon ubtn-sep-icon-left-push  ubtn-center   tooltip-69e6248497cb8\"  data-hover=\"#ffffff\" data-border-color=\"#58a5f0\" data-bg=\"#0097c1\" data-hover-bg=\"#58a5f0\" data-border-hover=\"#58a5f0\" data-shadow-hover=\"\" data-shadow-click=\"none\" data-shadow=\"\" data-shd-shadow=\"\"  data-ultimate-target='#ubtn-1200'  data-responsive-json-new='{\"font-size\":\"desktop:16px;\",\"line-height\":\"\"}'  style=\"font-weight:normal;width:px;min-height:px;padding:10px 20px;border-radius:px;border-width:1px;border-color:#58a5f0;border-style:solid;background: #0097c1;color: #ffffff;\"><span class=\"ubtn-data ubtn-icon\"><i class=\"Defaults-angle-right\" style=\"font-size:24px;color:#ffffff;\"><\/i><\/span><span class=\"ubtn-hover\" style=\"background-color:#58a5f0\"><\/span><span class=\"ubtn-data ubtn-text \" >HVAD KAN VI TILBYDE<\/span><\/button><\/a><\/div>[vc_empty_space height=&#8221;150px&#8221;][\/vc_column][\/vc_row]<\/p>\n","protected":false},"excerpt":{"rendered":"<p>[vc_row][vc_column][vc_empty_space height=&#8221;100px&#8221;][\/vc_column][vc_column offset=&#8221;vc_col-lg-7 vc_col-md-8&#8243;][vc_column_text] Tekno Kons Innovations er en ung og dynamisk virksomhed etableret i 2015, som fortrinsvis opererer i sektorerne for vej- og jernbaneinfrastrukturer samt indenfor opf\u00f8relse af beboelses-&#8230;<\/p>\n","protected":false},"author":2,"featured_media":12186,"parent":0,"menu_order":10,"comment_status":"closed","ping_status":"closed","template":"page-templates\/page-for-composer.php","meta":[],"_links":{"self":[{"href":"https:\/\/www.tkisrl.it\/da\/wp-json\/wp\/v2\/pages\/12184"}],"collection":[{"href":"https:\/\/www.tkisrl.it\/da\/wp-json\/wp\/v2\/pages"}],"about":[{"href":"https:\/\/www.tkisrl.it\/da\/wp-json\/wp\/v2\/types\/page"}],"author":[{"embeddable":true,"href":"https:\/\/www.tkisrl.it\/da\/wp-json\/wp\/v2\/users\/2"}],"replies":[{"embeddable":true,"href":"https:\/\/www.tkisrl.it\/da\/wp-json\/wp\/v2\/comments?post=12184"}],"version-history":[{"count":10,"href":"https:\/\/www.tkisrl.it\/da\/wp-json\/wp\/v2\/pages\/12184\/revisions"}],"predecessor-version":[{"id":13142,"href":"https:\/\/www.tkisrl.it\/da\/wp-json\/wp\/v2\/pages\/12184\/revisions\/13142"}],"wp:featuredmedia":[{"embeddable":true,"href":"https:\/\/www.tkisrl.it\/da\/wp-json\/wp\/v2\/media\/12186"}],"wp:attachment":[{"href":"https:\/\/www.tkisrl.it\/da\/wp-json\/wp\/v2\/media?parent=12184"}],"curies":[{"name":"wp","href":"https:\/\/api.w.org\/{rel}","templated":true}]}}