{"id":12198,"date":"2016-05-04T11:26:11","date_gmt":"2016-05-04T11:26:11","guid":{"rendered":"https:\/\/www.tkisrl.it\/i-nostri-servizi\/"},"modified":"2022-07-05T16:53:36","modified_gmt":"2022-07-05T14:53:36","slug":"i-nostri-servizi","status":"publish","type":"page","link":"https:\/\/www.tkisrl.it\/da\/i-nostri-servizi\/","title":{"rendered":"Hvad kan vi tilbyde"},"content":{"rendered":"<p>[vc_row equal_height=&#8221;yes&#8221;][vc_column][vc_empty_space height=&#8221;120px&#8221;][vc_custom_heading text=&#8221;<b>HVAD KAN VI TILBYDE<\/b>&#8221; font_container=&#8221;tag:h2|font_size:40|text_align:center&#8221; use_theme_fonts=&#8221;yes&#8221; custom_heading_enable_elem=&#8221;yes&#8221; elem_type=&#8221;top&#8221;][vc_empty_space height=&#8221;80px&#8221;][\/vc_column][vc_column st_column_responsive_remove_css=&#8221;st-remove-paddings&#8221; offset=&#8221;vc_col-lg-7 vc_col-md-7&#8243;]<div class=\"st-advanced-image \" id=\"st-advanced-single-image-69e624e15568c\"><div class=\"st-advanced-image-inner center\" style=\"background-image:url(https:\/\/www.tkisrl.it\/wp-content\/uploads\/2020\/05\/rilievi.jpg);height:483px;width:100%;\"><\/div><\/div>[\/vc_column][vc_column css=&#8221;.vc_custom_1484610747506{padding-left: 20px !important;}&#8221; offset=&#8221;vc_col-lg-5 vc_col-md-5&#8243;][st_product_info product_info_title=&#8221;OPM\u00c5LING&#8221; product_info_title_color=&#8221;#5b5b5b&#8221; product_info_subtitle_color=&#8221;#999999&#8243; product_info_desc_color=&#8221;#5b5b5b&#8221; product_info_color=&#8221;#0097c1&#8243; product_info_bg_color=&#8221;#f1f0f0&#8243; product_info_content_color=&#8221;#2b2b2b&#8221; product_info_link=&#8221;url:https%3A%2F%2Fwww.tkisrl.it%2Fda%2Fi-nostri-servizi%2Frilievi%2F|title:L%C3%A6s%20mere|target:%20_blank|rel:nofollow&#8221;]Vores topografiske afdeling og n\u00f8jagtige opm\u00e5linger har fra begyndelsen v\u00e6ret grundlaget for Tekno Kons Innovations.[\/st_product_info][\/vc_column][vc_column][vc_empty_space height=&#8221;80px&#8221;][\/vc_column][vc_column css=&#8221;.vc_custom_1484610755519{padding-right: 20px !important;}&#8221; offset=&#8221;vc_col-lg-5 vc_col-md-5&#8243;][st_product_info product_info_align=&#8221;align-right&#8221; product_info_title=&#8221;PROJEKTER&#8221; product_info_title_color=&#8221;#5b5b5b&#8221; product_info_subtitle_color=&#8221;#999999&#8243; product_info_desc_color=&#8221;#5b5b5b&#8221; product_info_content_color=&#8221;#2b2b2b&#8221; product_info_color=&#8221;#0097c1&#8243; product_info_bg_color=&#8221;#f1f0f0&#8243; product_info_link=&#8221;url:https%3A%2F%2Fwww.tkisrl.it%2Fda%2Fi-nostri-servizi%2Fprogetti%2F|title:L%C3%A6s%20mere||&#8221;]Den stadige eftersp\u00f8rgsel efter arbejdsmetoder med fokus p\u00e5 optimering af byggeprocessen har siden 2016 v\u00e6ret drivkraften for Tekno Kons Innovations\u2019 udvikling af teknologiske procedurer for optegning med henblik p\u00e5 integreret projektplanl\u00e6gning i overensstemmelse med de fastsatte standarder for BIM \u2013 Building Information Modelling.[\/st_product_info][\/vc_column][vc_column st_column_responsive_remove_css=&#8221;st-remove-paddings&#8221; offset=&#8221;vc_col-lg-7 vc_col-md-7&#8243;]<div class=\"st-advanced-image \" id=\"st-advanced-single-image-69e624e15594a\"><div class=\"st-advanced-image-inner center\" style=\"background-image:url(https:\/\/www.tkisrl.it\/wp-content\/uploads\/2020\/05\/progetti.jpg);height:507px;width:100%;\"><\/div><\/div>[\/vc_column][vc_column][vc_empty_space height=&#8221;80px&#8221;][\/vc_column][vc_column st_column_responsive_remove_css=&#8221;st-remove-paddings&#8221; offset=&#8221;vc_col-lg-7 vc_col-md-7&#8243;]<div class=\"st-advanced-image \" id=\"st-advanced-single-image-69e624e155ba0\"><div class=\"st-advanced-image-inner center\" style=\"background-image:url(https:\/\/www.tkisrl.it\/wp-content\/uploads\/2020\/05\/costruzioni.jpg);height:483px;width:100%;\"><\/div><\/div>[\/vc_column][vc_column css=&#8221;.vc_custom_1484610768283{padding-left: 20px !important;}&#8221; offset=&#8221;vc_col-lg-5 vc_col-md-5&#8243;][st_product_info product_info_title=&#8221;OPF\u00d8RELSER&#8221; product_info_title_color=&#8221;#5b5b5b&#8221; product_info_subtitle_color=&#8221;#999999&#8243; product_info_desc_color=&#8221;#5b5b5b&#8221; product_info_content_color=&#8221;#2b2b2b&#8221; product_info_color=&#8221;#0097c1&#8243; product_info_bg_color=&#8221;#f1f0f0&#8243; product_info_link=&#8221;url:https%3A%2F%2Fwww.tkisrl.it%2Fda%2Fi-nostri-servizi%2Fcostruzioni%2F|title:L%C3%A6s%20mere||&#8221;]Tekno Kons Innovations\u2019 styrke har fra begyndelsen ligget i selve konstruktionsprocessen.<br \/>\nMed udgangspunkt i n\u00f8jagtige unders\u00f8gelser af omr\u00e5det, som vi ved implementering af metoderne inden for BIM-teknologien foretager i opm\u00e5lingsfasen, udarbejder Tekno Kons Innovations tekniske l\u00f8sninger til digital forvaltning af konstruktionsprocessen, hvor b\u00e5de 4D-simulering af tidsplanen og 5D-\u00f8konomistyring helt fra projekteringens begyndelse integreres med de traditionelle rumvariabler i 3D-modellen.[\/st_product_info][\/vc_column][vc_column][\/vc_column][vc_column][\/vc_column][\/vc_row][vc_row equal_height=&#8221;yes&#8221;][vc_column][\/vc_column][vc_column st_column_responsive_remove_css=&#8221;st-remove-paddings&#8221; offset=&#8221;vc_col-lg-7 vc_col-md-7&#8243;][\/vc_column][vc_column css=&#8221;.vc_custom_1484610747506{padding-left: 20px !important;}&#8221; offset=&#8221;vc_col-lg-5 vc_col-md-5&#8243;][\/vc_column][vc_column][vc_empty_space height=&#8221;80px&#8221;][\/vc_column][vc_column css=&#8221;.vc_custom_1484610755519{padding-right: 20px !important;}&#8221; offset=&#8221;vc_col-lg-5 vc_col-md-5&#8243;][st_product_info product_info_align=&#8221;align-right&#8221; product_info_title=&#8221;VEDLIGEHOLDELSE OG TEKNISK ASSISTANCE&#8221; product_info_title_color=&#8221;#5b5b5b&#8221; product_info_subtitle_color=&#8221;#999999&#8243; product_info_desc_color=&#8221;#5b5b5b&#8221; product_info_content_color=&#8221;#2b2b2b&#8221; product_info_color=&#8221;#0097c1&#8243; product_info_bg_color=&#8221;#f1f0f0&#8243; product_info_link=&#8221;url:https%3A%2F%2Fwww.tkisrl.it%2Fda%2Fi-nostri-servizi%2Fmanutenzione-e-assistenza-tecnica%2F|title:L%C3%A6s%20mere||&#8221;]Tekno Kons Innovations\u2019 tilbud om vedligeholdelse og teknisk assistance omfatter alle sektorerne for byggeri, anl\u00e6g og industri, og d\u00e6kker processen fra de elektrotekniske installationer til de arkitektoniske afsluttende detaljer af byggeriet. Takket v\u00e6re en struktur baseret p\u00e5 inddeling i forskellige afdelinger, er Tekno Kons Innovations leveringsdygtig i tjenester som forvaltning af driften af forskelligartede anl\u00e6g, overv\u00e5gning af opf\u00f8rte anl\u00e6g samt vedligeholdelse af anl\u00e6gsinstallationer.[\/st_product_info][\/vc_column][vc_column st_column_responsive_remove_css=&#8221;st-remove-paddings&#8221; offset=&#8221;vc_col-lg-7 vc_col-md-7&#8243;]<div class=\"st-advanced-image \" id=\"st-advanced-single-image-69e624e155d69\"><div class=\"st-advanced-image-inner center\" style=\"background-image:url(https:\/\/www.tkisrl.it\/wp-content\/uploads\/2020\/05\/manutenzione-scaled.jpg);height:507px;width:100%;\"><\/div><\/div>[\/vc_column][vc_column][vc_empty_space height=&#8221;80px&#8221;][\/vc_column][vc_column st_column_responsive_remove_css=&#8221;st-remove-paddings&#8221; offset=&#8221;vc_col-lg-7 vc_col-md-7&#8243;]<div class=\"st-advanced-image \" id=\"st-advanced-single-image-69e624e155f1c\"><div class=\"st-advanced-image-inner center\" style=\"background-image:url(https:\/\/www.tkisrl.it\/wp-content\/uploads\/2020\/05\/SERVIZI-FERROVIARI-scaled.jpg);height:483px;width:100%;\"><\/div><\/div>[\/vc_column][vc_column css=&#8221;.vc_custom_1484610768283{padding-left: 20px !important;}&#8221; offset=&#8221;vc_col-lg-5 vc_col-md-5&#8243;][st_product_info product_info_title=&#8221;JERNBANESERVICE OG TRAFFIC CONTROLLER&#8221; product_info_title_color=&#8221;#5b5b5b&#8221; product_info_subtitle_color=&#8221;#999999&#8243; product_info_desc_color=&#8221;#5b5b5b&#8221; product_info_content_color=&#8221;#2b2b2b&#8221; product_info_color=&#8221;#0097c1&#8243; product_info_bg_color=&#8221;#f1f0f0&#8243; product_info_link=&#8221;url:https%3A%2F%2Fwww.tkisrl.it%2Fda%2Fi-nostri-servizi%2Fservizi-ferroviari%2F|title:L%C3%A6s%20mere||&#8221;]Tekno Kons Innovations har efter intens aktivitet inden for jernbanesektoren i perioden 2017 til 2020 for\u00f8get viften af serviceydelser med en udvidelse af vores maskinpark, og vi kan nu takket v\u00e6re dertil indrettede bogier (railway inspection trollies) tilbyde at supportere de prim\u00e6re forarbejdninger i forbindelse med opf\u00f8relse, styring og overv\u00e5gning af jernbanenet b\u00e5de i storbyomr\u00e5der og p\u00e5 landsplan.[\/st_product_info][\/vc_column][vc_column][\/vc_column][vc_column][\/vc_column][\/vc_row][vc_row equal_height=&#8221;yes&#8221;][vc_column][\/vc_column][vc_column st_column_responsive_remove_css=&#8221;st-remove-paddings&#8221; offset=&#8221;vc_col-lg-7 vc_col-md-7&#8243;][\/vc_column][vc_column css=&#8221;.vc_custom_1484610747506{padding-left: 20px !important;}&#8221; offset=&#8221;vc_col-lg-5 vc_col-md-5&#8243;][\/vc_column][vc_column][vc_empty_space height=&#8221;80px&#8221;][\/vc_column][vc_column css=&#8221;.vc_custom_1484610755519{padding-right: 20px !important;}&#8221; offset=&#8221;vc_col-lg-5 vc_col-md-5&#8243;][st_product_info product_info_align=&#8221;align-right&#8221; product_info_title=&#8221;3D-MODELLERING&#8221; product_info_title_color=&#8221;#5b5b5b&#8221; product_info_subtitle_color=&#8221;#999999&#8243; product_info_desc_color=&#8221;#5b5b5b&#8221; product_info_content_color=&#8221;#2b2b2b&#8221; product_info_color=&#8221;#0097c1&#8243; product_info_bg_color=&#8221;#f1f0f0&#8243; product_info_link=&#8221;url:https%3A%2F%2Fwww.tkisrl.it%2Fda%2Fi-nostri-servizi%2F3d-works%2F|title:L%C3%A6s%20mere||&#8221;]Virksomhedens vedvarende s\u00f8gen efter nye anl\u00e6gsrelaterede muligheder for digitalisering af byggeprocesser s\u00e5vel som industrielle processer har v\u00e6ret drivkraften for vores udvikling af arbejdsmetoder, der ved hj\u00e6lp af anvendelse af teknologier for informationsudveksling baseret p\u00e5 CIM (computer integrated manufacturing) opfylder behovene p\u00e5 et marked, der er stadigt mere orienteret mod de s\u00e5kaldte Smart Solutions.[\/st_product_info][\/vc_column][vc_column st_column_responsive_remove_css=&#8221;st-remove-paddings&#8221; offset=&#8221;vc_col-lg-7 vc_col-md-7&#8243;]<div class=\"st-advanced-image \" id=\"st-advanced-single-image-69e624e1560fa\"><div class=\"st-advanced-image-inner center\" style=\"background-image:url(https:\/\/www.tkisrl.it\/wp-content\/uploads\/2020\/05\/3d.jpg);height:507px;width:100%;\"><\/div><\/div>[\/vc_column][vc_column][vc_empty_space height=&#8221;80px&#8221;][\/vc_column][vc_column st_column_responsive_remove_css=&#8221;st-remove-paddings&#8221; offset=&#8221;vc_col-lg-7 vc_col-md-7&#8243;][\/vc_column][vc_column css=&#8221;.vc_custom_1484610768283{padding-left: 20px !important;}&#8221; offset=&#8221;vc_col-lg-5 vc_col-md-5&#8243;][\/vc_column][vc_column][vc_empty_space height=&#8221;100px&#8221;][\/vc_column][vc_column][\/vc_column][\/vc_row]<\/p>\n","protected":false},"excerpt":{"rendered":"<p>[vc_row equal_height=&#8221;yes&#8221;][vc_column][vc_empty_space height=&#8221;120px&#8221;][vc_custom_heading text=&#8221;HVAD KAN VI TILBYDE&#8221; font_container=&#8221;tag:h2|font_size:40|text_align:center&#8221; use_theme_fonts=&#8221;yes&#8221; custom_heading_enable_elem=&#8221;yes&#8221; elem_type=&#8221;top&#8221;][vc_empty_space height=&#8221;80px&#8221;][\/vc_column][vc_column st_column_responsive_remove_css=&#8221;st-remove-paddings&#8221; offset=&#8221;vc_col-lg-7 vc_col-md-7&#8243;][\/vc_column][vc_column css=&#8221;.vc_custom_1484610747506{padding-left: 20px !important;}&#8221; offset=&#8221;vc_col-lg-5 vc_col-md-5&#8243;][st_product_info product_info_title=&#8221;OPM\u00c5LING&#8221; product_info_title_color=&#8221;#5b5b5b&#8221; product_info_subtitle_color=&#8221;#999999&#8243; product_info_desc_color=&#8221;#5b5b5b&#8221; product_info_color=&#8221;#0097c1&#8243; product_info_bg_color=&#8221;#f1f0f0&#8243; product_info_content_color=&#8221;#2b2b2b&#8221; product_info_link=&#8221;url:https%3A%2F%2Fwww.tkisrl.it%2Fda%2Fi-nostri-servizi%2Frilievi%2F|title:L%C3%A6s%20mere|target:%20_blank|rel:nofollow&#8221;]Vores topografiske afdeling&#8230;<\/p>\n","protected":false},"author":2,"featured_media":12200,"parent":0,"menu_order":35,"comment_status":"closed","ping_status":"closed","template":"page-templates\/page-for-composer.php","meta":[],"_links":{"self":[{"href":"https:\/\/www.tkisrl.it\/da\/wp-json\/wp\/v2\/pages\/12198"}],"collection":[{"href":"https:\/\/www.tkisrl.it\/da\/wp-json\/wp\/v2\/pages"}],"about":[{"href":"https:\/\/www.tkisrl.it\/da\/wp-json\/wp\/v2\/types\/page"}],"author":[{"embeddable":true,"href":"https:\/\/www.tkisrl.it\/da\/wp-json\/wp\/v2\/users\/2"}],"replies":[{"embeddable":true,"href":"https:\/\/www.tkisrl.it\/da\/wp-json\/wp\/v2\/comments?post=12198"}],"version-history":[{"count":6,"href":"https:\/\/www.tkisrl.it\/da\/wp-json\/wp\/v2\/pages\/12198\/revisions"}],"predecessor-version":[{"id":12794,"href":"https:\/\/www.tkisrl.it\/da\/wp-json\/wp\/v2\/pages\/12198\/revisions\/12794"}],"wp:featuredmedia":[{"embeddable":true,"href":"https:\/\/www.tkisrl.it\/da\/wp-json\/wp\/v2\/media\/12200"}],"wp:attachment":[{"href":"https:\/\/www.tkisrl.it\/da\/wp-json\/wp\/v2\/media?parent=12198"}],"curies":[{"name":"wp","href":"https:\/\/api.w.org\/{rel}","templated":true}]}}