{"id":12212,"date":"2016-10-05T11:13:30","date_gmt":"2016-10-05T11:13:30","guid":{"rendered":"https:\/\/www.tkisrl.it\/i-nostri-servizi\/rilievi\/"},"modified":"2022-07-05T16:56:00","modified_gmt":"2022-07-05T14:56:00","slug":"rilievi","status":"publish","type":"page","link":"https:\/\/www.tkisrl.it\/da\/i-nostri-servizi\/rilievi\/","title":{"rendered":"Opm\u00e5ling"},"content":{"rendered":"<p>[vc_row][vc_column][vc_empty_space height=&#8221;80px&#8221;][\/vc_column][\/vc_row][vc_row equal_height=&#8221;yes&#8221;][vc_column st_column_responsive_remove_css=&#8221;st-remove-paddings&#8221; css=&#8221;.vc_custom_1484603428916{padding-right: 80px !important;padding-left: 80px !important;background-color: #f2f2f2 !important;}&#8221; offset=&#8221;vc_col-lg-6 vc_col-md-6&#8243;][vc_empty_space height=&#8221;75px&#8221;]<div id=\"ultimate-heading-372369e62875a9041\" class=\"uvc-heading ult-adjust-bottom-margin ultimate-heading-372369e62875a9041 uvc-3896  enable-elem side h2\" data-hspacer=\"no_spacer\"  data-halign=\"left\" style=\"text-align:left;\"><i class=\"st-h-before\"><i><\/i><\/i><div class=\"uvc-heading-spacer no_spacer\" style=\"top\"><\/div><div class=\"uvc-main-heading ult-responsive\"  data-ultimate-target='.uvc-heading.ultimate-heading-372369e62875a9041 h2'  data-responsive-json-new='{\"font-size\":\"desktop:32px;\",\"line-height\":\"\"}' ><h2 style=\"font-weight:bold;\">OPM\u00c5LING<\/h2><\/div><\/div>[vc_empty_space height=&#8221;40px&#8221;][vc_column_text]Vores topografiske afdeling og n\u00f8jagtige opm\u00e5linger har fra begyndelsen v\u00e6ret grundlaget for Tekno Kons Innovations.<\/p>\n<p>Siden stiftelsen har Tekno Kons Innovations baseret virksomhedens virke p\u00e5 opm\u00e5linger foretaget med pr\u00e6cise totalstationer af h\u00f8j kvalitet. Takket v\u00e6re anvendelse af opm\u00e5lingsudstyr, der sikrer en absolut n\u00f8jagtig og detaljeret opm\u00e5ling af jernbanestr\u00e6kning og sporvidde, har vi igennem \u00e5rene i stigende grad udviklet avancerede l\u00f8sninger p\u00e5 omr\u00e5det og er s\u00e5ledes blevet en anerkendt kapacitet inden for jernbaneopm\u00e5ling.[\/vc_column_text][vc_empty_space height=&#8221;55px&#8221;][\/vc_column][vc_column css=&#8221;.vc_custom_1592823382540{background-image: url(https:\/\/www.tkisrl.it\/wp-content\/uploads\/2020\/06\/topografia-guida-topografica-unione-geometri.jpg?id=12101) !important;background-position: center !important;background-repeat: no-repeat !important;background-size: cover !important;}&#8221; offset=&#8221;vc_col-lg-6 vc_col-md-6 vc_hidden-sm vc_hidden-xs&#8221;][\/vc_column][\/vc_row][vc_row equal_height=&#8221;yes&#8221;][vc_column st_column_responsive_remove_css=&#8221;st-remove-paddings&#8221; css=&#8221;.vc_custom_1592825419924{padding-right: 80px !important;padding-left: 80px !important;background: #f2f2f2 url(https:\/\/www.tkisrl.it\/wp-content\/uploads\/2020\/06\/Geodaetisches_Vormessen-1.jpg?id=12117) !important;background-position: center !important;background-repeat: no-repeat !important;background-size: cover !important;}&#8221; offset=&#8221;vc_col-lg-6 vc_col-md-6&#8243;][\/vc_column][vc_column css=&#8221;.vc_custom_1589989378914{padding-right: 80px !important;padding-left: 80px !important;background-color: #f2f2f2 !important;background-position: center !important;background-repeat: no-repeat !important;background-size: cover !important;}&#8221; offset=&#8221;vc_col-lg-6 vc_col-md-6 vc_hidden-sm vc_hidden-xs&#8221;][vc_empty_space height=&#8221;75px&#8221;][vc_empty_space height=&#8221;40px&#8221;][vc_column_text]Til brug for traditionelle topografiske opm\u00e5linger r\u00e5der Tekno Kons Innovations over f\u00f8lgende egne teknologiske hj\u00e6lpemidler:<\/p>\n<ul>\n<li>2 stk. automatiske totalstationer af typen Leica TS30<\/li>\n<li>1 stk. totalstation robotm\u00e5ling Trimble S9 HP 0,5\u2019<\/li>\n<li>1 stk. totalstation robotm\u00e5ling Trimble S9 HP 1,0\u2019<\/li>\n<li>1 stk. Trimble GEDO CE 2.0 trolje til skinneopm\u00e5ling<\/li>\n<li>1 stk. Trimble DiNi Digital Level<\/li>\n<li>4 stk. Trimble R8s GPS<\/li>\n<li>4 stk. Leica SR 530 GPS<\/li>\n<\/ul>\n<p>[\/vc_column_text][vc_empty_space height=&#8221;55px&#8221;][\/vc_column][\/vc_row][vc_row equal_height=&#8221;yes&#8221;][vc_column st_column_responsive_remove_css=&#8221;st-remove-paddings&#8221; css=&#8221;.vc_custom_1484603428916{padding-right: 80px !important;padding-left: 80px !important;background-color: #f2f2f2 !important;}&#8221; offset=&#8221;vc_col-lg-6 vc_col-md-6&#8243;][vc_empty_space height=&#8221;75px&#8221;][vc_column_text]Virksomheden har igennem de seneste \u00e5r i stadigt h\u00f8jere grad anvendt metoder til opm\u00e5ling ved laserscanning og har derved skabt BIM-modeller af punktskyer (pointclouds), der kan anvendes som projekteringsgrundlag p\u00e5 eksisterende eller nye anl\u00e6gsarbejder.<\/p>\n<p>Opm\u00e5ling med laserscanner g\u00f8r det i kraft af den direkte gr\u00e6nseflade til GPS muligt at knytte georeferencer til 3D-opm\u00e5lingen. Herved kan man foretage detaljerede opm\u00e5linger, som vil kunne anvendes ved dannelse af h\u00f8jdekurver, opm\u00e5ling af rumfang, beregning af sektioner eller til projektering og tilpasning af eksisterende anl\u00e6g.<br \/>\nVores instrumenter til 3D-opm\u00e5ling er f\u00f8lgende:<\/p>\n<ul>\n<li>1 stk. Laser Scanner FARO S120 Automation<\/li>\n<li>1 stk. Laser Scanner FARO S70 Automation<\/li>\n<\/ul>\n<p>[\/vc_column_text][vc_empty_space height=&#8221;55px&#8221;][\/vc_column][vc_column css=&#8221;.vc_custom_1592825460671{background-image: url(https:\/\/www.tkisrl.it\/wp-content\/uploads\/2020\/06\/image.jpeg?id=12118) !important;background-position: center !important;background-repeat: no-repeat !important;background-size: cover !important;}&#8221; offset=&#8221;vc_col-lg-6 vc_col-md-6 vc_hidden-sm vc_hidden-xs&#8221;][\/vc_column][\/vc_row][vc_row equal_height=&#8221;yes&#8221;][vc_column st_column_responsive_remove_css=&#8221;st-remove-paddings&#8221; css=&#8221;.vc_custom_1592825508714{padding-right: 80px !important;padding-left: 80px !important;background: #f2f2f2 url(https:\/\/www.tkisrl.it\/wp-content\/uploads\/2020\/06\/image2-1.jpeg?id=12119) !important;background-position: center !important;background-repeat: no-repeat !important;background-size: cover !important;}&#8221; offset=&#8221;vc_col-lg-6 vc_col-md-6&#8243;][\/vc_column][vc_column css=&#8221;.vc_custom_1589989378914{padding-right: 80px !important;padding-left: 80px !important;background-color: #f2f2f2 !important;background-position: center !important;background-repeat: no-repeat !important;background-size: cover !important;}&#8221; offset=&#8221;vc_col-lg-6 vc_col-md-6 vc_hidden-sm vc_hidden-xs&#8221;][vc_empty_space height=&#8221;75px&#8221;][vc_empty_space height=&#8221;40px&#8221;][vc_column_text]Resultatet af en omhyggelig og n\u00f8jagtigt foretaget opm\u00e5ling er det bedste udgangspunkt for en vellykket projektering, som forenet med det til enhver tid n\u00f8dvendige dybdeg\u00e5ende erfaringsgrundlag resulterer i tilblivelsen af et effektivt og milj\u00f8venligt produkt \u2013 det vigtigste form\u00e5l med den integrerede projektplanl\u00e6gning.<\/p>\n<p>P\u00e5 dette omr\u00e5de er Tekno Kons Innovations forud for sin tid og tager plads blandt de fremmeste forl\u00f8bere p\u00e5 markedet i udviklingen af en samlet forberedelsesproces forud for projektering af opf\u00f8relse af komplekse bygge- og anl\u00e6gsarbejder.[\/vc_column_text][vc_empty_space height=&#8221;55px&#8221;][\/vc_column][\/vc_row][vc_row][vc_column][vc_empty_space height=&#8221;80px&#8221;][\/vc_column][\/vc_row]<\/p>\n","protected":false},"excerpt":{"rendered":"<p>[vc_row][vc_column][vc_empty_space height=&#8221;80px&#8221;][\/vc_column][\/vc_row][vc_row equal_height=&#8221;yes&#8221;][vc_column st_column_responsive_remove_css=&#8221;st-remove-paddings&#8221; css=&#8221;.vc_custom_1484603428916{padding-right: 80px !important;padding-left: 80px !important;background-color: #f2f2f2 !important;}&#8221; offset=&#8221;vc_col-lg-6 vc_col-md-6&#8243;][vc_empty_space height=&#8221;75px&#8221;][vc_empty_space height=&#8221;40px&#8221;][vc_column_text]Vores topografiske afdeling og n\u00f8jagtige opm\u00e5linger har fra begyndelsen v\u00e6ret grundlaget for Tekno Kons Innovations. Siden&#8230;<\/p>\n","protected":false},"author":2,"featured_media":12200,"parent":12198,"menu_order":23,"comment_status":"closed","ping_status":"closed","template":"page-templates\/page-for-composer.php","meta":[],"_links":{"self":[{"href":"https:\/\/www.tkisrl.it\/da\/wp-json\/wp\/v2\/pages\/12212"}],"collection":[{"href":"https:\/\/www.tkisrl.it\/da\/wp-json\/wp\/v2\/pages"}],"about":[{"href":"https:\/\/www.tkisrl.it\/da\/wp-json\/wp\/v2\/types\/page"}],"author":[{"embeddable":true,"href":"https:\/\/www.tkisrl.it\/da\/wp-json\/wp\/v2\/users\/2"}],"replies":[{"embeddable":true,"href":"https:\/\/www.tkisrl.it\/da\/wp-json\/wp\/v2\/comments?post=12212"}],"version-history":[{"count":4,"href":"https:\/\/www.tkisrl.it\/da\/wp-json\/wp\/v2\/pages\/12212\/revisions"}],"predecessor-version":[{"id":12796,"href":"https:\/\/www.tkisrl.it\/da\/wp-json\/wp\/v2\/pages\/12212\/revisions\/12796"}],"up":[{"embeddable":true,"href":"https:\/\/www.tkisrl.it\/da\/wp-json\/wp\/v2\/pages\/12198"}],"wp:featuredmedia":[{"embeddable":true,"href":"https:\/\/www.tkisrl.it\/da\/wp-json\/wp\/v2\/media\/12200"}],"wp:attachment":[{"href":"https:\/\/www.tkisrl.it\/da\/wp-json\/wp\/v2\/media?parent=12212"}],"curies":[{"name":"wp","href":"https:\/\/api.w.org\/{rel}","templated":true}]}}