{"id":12221,"date":"2020-05-20T18:10:30","date_gmt":"2020-05-20T16:10:30","guid":{"rendered":"https:\/\/www.tkisrl.it\/i-nostri-servizi\/costruzioni\/"},"modified":"2022-07-05T17:01:59","modified_gmt":"2022-07-05T15:01:59","slug":"costruzioni","status":"publish","type":"page","link":"https:\/\/www.tkisrl.it\/da\/i-nostri-servizi\/costruzioni\/","title":{"rendered":"Opf\u00f8relser"},"content":{"rendered":"<p>[vc_row][vc_column][vc_empty_space height=&#8221;80px&#8221;][\/vc_column][\/vc_row][vc_row equal_height=&#8221;yes&#8221;][vc_column st_column_responsive_remove_css=&#8221;st-remove-paddings&#8221; css=&#8221;.vc_custom_1484603428916{padding-right: 80px !important;padding-left: 80px !important;background-color: #f2f2f2 !important;}&#8221; offset=&#8221;vc_col-lg-6 vc_col-md-6&#8243;][vc_empty_space height=&#8221;75px&#8221;]<div id=\"ultimate-heading-625669e62870da037\" class=\"uvc-heading ult-adjust-bottom-margin ultimate-heading-625669e62870da037 uvc-638  enable-elem side h2\" data-hspacer=\"no_spacer\"  data-halign=\"left\" style=\"text-align:left;\"><i class=\"st-h-before\"><i><\/i><\/i><div class=\"uvc-heading-spacer no_spacer\" style=\"top\"><\/div><div class=\"uvc-main-heading ult-responsive\"  data-ultimate-target='.uvc-heading.ultimate-heading-625669e62870da037 h2'  data-responsive-json-new='{\"font-size\":\"desktop:32px;\",\"line-height\":\"\"}' ><h2 style=\"font-weight:bold;\">OPF\u00d8RELSER<\/h2><\/div><\/div>[vc_empty_space height=&#8221;40px&#8221;][vc_column_text]Tekno Kons Innovations\u2019 styrke har fra begyndelsen ligget i selve konstruktionsprocessen.<\/p>\n<p>Med udgangspunkt i n\u00f8jagtige unders\u00f8gelser af omr\u00e5det, som vi ved implementering af metoderne inden for BIM-teknologien foretager i opm\u00e5lingsfasen, udarbejder Tekno Kons Innovations tekniske l\u00f8sninger til digital forvaltning af konstruktionsprocessen, hvor b\u00e5de 4D-simulering af tidsplanen og 5D-\u00f8konomistyring helt fra projekteringens begyndelse integreres med de traditionelle rumvariabler i 3D-modellen.<\/p>\n<p>Byggepladsens virke kommer dermed til foreg\u00e5 som en implementering og gennemf\u00f8relse af den udarbejdede 5D-model, hvorved afvigelser og potentielle uforudsete faktorer minimeres og forvaltes inden konstruktionsprocessen.[\/vc_column_text][vc_empty_space height=&#8221;55px&#8221;][\/vc_column][vc_column css=&#8221;.vc_custom_1590073618224{background-image: url(https:\/\/www.tkisrl.it\/wp-content\/uploads\/2020\/05\/3246-min.jpg?id=11970) !important;background-position: center !important;background-repeat: no-repeat !important;background-size: cover !important;}&#8221; offset=&#8221;vc_col-lg-6 vc_col-md-6 vc_hidden-sm vc_hidden-xs&#8221;][\/vc_column][\/vc_row][vc_row equal_height=&#8221;yes&#8221;][vc_column st_column_responsive_remove_css=&#8221;st-remove-paddings&#8221; css=&#8221;.vc_custom_1590073624544{padding-right: 80px !important;padding-left: 80px !important;background: #f2f2f2 url(https:\/\/www.tkisrl.it\/wp-content\/uploads\/2020\/05\/2l-Image-35.jpg?id=11968) !important;background-position: center !important;background-repeat: no-repeat !important;background-size: cover !important;}&#8221; offset=&#8221;vc_col-lg-6 vc_col-md-6&#8243;][\/vc_column][vc_column css=&#8221;.vc_custom_1589989378914{padding-right: 80px !important;padding-left: 80px !important;background-color: #f2f2f2 !important;background-position: center !important;background-repeat: no-repeat !important;background-size: cover !important;}&#8221; offset=&#8221;vc_col-lg-6 vc_col-md-6 vc_hidden-sm vc_hidden-xs&#8221;][vc_empty_space height=&#8221;75px&#8221;][vc_empty_space height=&#8221;40px&#8221;][vc_column_text]Takket v\u00e6re vores erfaring fra byggepladser i nogle af Europas st\u00f8rste hovedst\u00e6der garanterer vi en topprofessionel, kompetent og tilpasset udf\u00f8relse af de tildelte opgaver, hvor der fuldt ud tages hensyn til de fastsatte tidsrammer for fremdrift og udf\u00f8relse med samtidig garanti for h\u00f8je standarder for kvalitet, sikkerhed og fokus p\u00e5 milj\u00f8et.<\/p>\n<p>Forvaltning af komplekse byggepladser ved de store strategiske infrastrukturer kr\u00e6ver en velstruktureret og helhedsorienteret tilrettel\u00e6ggelse af arbejdet, hvor hver enkelt fase n\u00f8je m\u00e5 f\u00f8lges og overv\u00e5ges af forskellige sagkyndige. Projektering &amp; Konstruktion r\u00e5der derfor over en gruppe eksperter og specialiserede teknikere, der l\u00f8bende ajourf\u00f8res og hele tiden superviseres af fagfolk p\u00e5 omr\u00e5det, som ogs\u00e5 efteruddannes l\u00f8bende.[\/vc_column_text][vc_empty_space height=&#8221;55px&#8221;][\/vc_column][\/vc_row][vc_row equal_height=&#8221;yes&#8221;][vc_column st_column_responsive_remove_css=&#8221;st-remove-paddings&#8221; css=&#8221;.vc_custom_1484603428916{padding-right: 80px !important;padding-left: 80px !important;background-color: #f2f2f2 !important;}&#8221; offset=&#8221;vc_col-lg-6 vc_col-md-6&#8243;][vc_empty_space height=&#8221;75px&#8221;][vc_column_text]I l\u00f8bet af de sidste par \u00e5r har Tekno Kons Innovations deltaget aktivt i opf\u00f8relsen af \u200b\u200btransformerstationerne p\u00e5 M4-linjen i Milano gennem installation af Balises og PAB installationer.[\/vc_column_text][vc_empty_space height=&#8221;55px&#8221;][\/vc_column][vc_column css=&#8221;.vc_custom_1590073301959{background-image: url(https:\/\/www.tkisrl.it\/wp-content\/uploads\/2020\/05\/claudia-soraya-13MzGKuJYSw-unsplash-min.jpg?id=11971) !important;background-position: center !important;background-repeat: no-repeat !important;background-size: cover !important;}&#8221; offset=&#8221;vc_col-lg-6 vc_col-md-6 vc_hidden-sm vc_hidden-xs&#8221;][\/vc_column][\/vc_row][vc_row][vc_column][vc_empty_space height=&#8221;80px&#8221;][\/vc_column][\/vc_row]<\/p>\n","protected":false},"excerpt":{"rendered":"<p>[vc_row][vc_column][vc_empty_space height=&#8221;80px&#8221;][\/vc_column][\/vc_row][vc_row equal_height=&#8221;yes&#8221;][vc_column st_column_responsive_remove_css=&#8221;st-remove-paddings&#8221; css=&#8221;.vc_custom_1484603428916{padding-right: 80px !important;padding-left: 80px !important;background-color: #f2f2f2 !important;}&#8221; offset=&#8221;vc_col-lg-6 vc_col-md-6&#8243;][vc_empty_space height=&#8221;75px&#8221;][vc_empty_space height=&#8221;40px&#8221;][vc_column_text]Tekno Kons Innovations\u2019 styrke har fra begyndelsen ligget i selve konstruktionsprocessen. Med udgangspunkt i n\u00f8jagtige unders\u00f8gelser&#8230;<\/p>\n","protected":false},"author":1,"featured_media":12200,"parent":12198,"menu_order":23,"comment_status":"closed","ping_status":"closed","template":"page-templates\/page-for-composer.php","meta":[],"_links":{"self":[{"href":"https:\/\/www.tkisrl.it\/da\/wp-json\/wp\/v2\/pages\/12221"}],"collection":[{"href":"https:\/\/www.tkisrl.it\/da\/wp-json\/wp\/v2\/pages"}],"about":[{"href":"https:\/\/www.tkisrl.it\/da\/wp-json\/wp\/v2\/types\/page"}],"author":[{"embeddable":true,"href":"https:\/\/www.tkisrl.it\/da\/wp-json\/wp\/v2\/users\/1"}],"replies":[{"embeddable":true,"href":"https:\/\/www.tkisrl.it\/da\/wp-json\/wp\/v2\/comments?post=12221"}],"version-history":[{"count":4,"href":"https:\/\/www.tkisrl.it\/da\/wp-json\/wp\/v2\/pages\/12221\/revisions"}],"predecessor-version":[{"id":12798,"href":"https:\/\/www.tkisrl.it\/da\/wp-json\/wp\/v2\/pages\/12221\/revisions\/12798"}],"up":[{"embeddable":true,"href":"https:\/\/www.tkisrl.it\/da\/wp-json\/wp\/v2\/pages\/12198"}],"wp:featuredmedia":[{"embeddable":true,"href":"https:\/\/www.tkisrl.it\/da\/wp-json\/wp\/v2\/media\/12200"}],"wp:attachment":[{"href":"https:\/\/www.tkisrl.it\/da\/wp-json\/wp\/v2\/media?parent=12221"}],"curies":[{"name":"wp","href":"https:\/\/api.w.org\/{rel}","templated":true}]}}