{"id":12225,"date":"2020-05-20T18:12:30","date_gmt":"2020-05-20T16:12:30","guid":{"rendered":"https:\/\/www.tkisrl.it\/i-nostri-servizi\/manutenzione-e-assistenza-tecnica\/"},"modified":"2022-03-04T16:24:28","modified_gmt":"2022-03-04T15:24:28","slug":"manutenzione-e-assistenza-tecnica","status":"publish","type":"page","link":"https:\/\/www.tkisrl.it\/da\/i-nostri-servizi\/manutenzione-e-assistenza-tecnica\/","title":{"rendered":"Vedligeholdelse og Teknisk Assistance"},"content":{"rendered":"<p>[vc_row][vc_column][vc_empty_space height=&#8221;80px&#8221;][\/vc_column][\/vc_row][vc_row equal_height=&#8221;yes&#8221;][vc_column st_column_responsive_remove_css=&#8221;st-remove-paddings&#8221; css=&#8221;.vc_custom_1484603428916{padding-right: 80px !important;padding-left: 80px !important;background-color: #f2f2f2 !important;}&#8221; offset=&#8221;vc_col-lg-6 vc_col-md-6&#8243;][vc_empty_space height=&#8221;75px&#8221;]<div id=\"ultimate-heading-8469e6287b2c184\" class=\"uvc-heading ult-adjust-bottom-margin ultimate-heading-8469e6287b2c184 uvc-2891  enable-elem side h2\" data-hspacer=\"no_spacer\"  data-halign=\"left\" style=\"text-align:left;\"><i class=\"st-h-before\"><i><\/i><\/i><div class=\"uvc-heading-spacer no_spacer\" style=\"top\"><\/div><div class=\"uvc-main-heading ult-responsive\"  data-ultimate-target='.uvc-heading.ultimate-heading-8469e6287b2c184 h2'  data-responsive-json-new='{\"font-size\":\"desktop:32px;\",\"line-height\":\"\"}' ><h2 style=\"font-weight:bold;\">VEDLIGEHOLDELSE OG TEKNISK ASSISTANCE<\/h2><\/div><\/div>[vc_empty_space height=&#8221;40px&#8221;][vc_column_text]Tekno Kons Innovations\u2019 tilbud om vedligeholdelse og teknisk assistance omfatter alle sektorerne for byggeri, anl\u00e6g og industri, og d\u00e6kker processen fra de elektrotekniske installationer til de arkitektoniske afsluttende detaljer af byggeriet. Takket v\u00e6re en struktur baseret p\u00e5 inddeling i forskellige afdelinger, er Tekno Kons Innovations leveringsdygtig i tjenester som forvaltning af driften af forskelligartede anl\u00e6g, overv\u00e5gning af opf\u00f8rte anl\u00e6g samt vedligeholdelse af anl\u00e6gsinstallationer.<\/p>\n<p>Den mangefacetterede virksomhedsprofil kommer netop til sin ret i fasts\u00e6ttelsen af den teknologiske kontekst, hvor den givne vedligeholdelsesform kr\u00e6ver specifikke kvalifikationer. P\u00e5 trods af at procedurerne ligner hinanden, er vedligeholdelsens art helt afh\u00e6ngig af den konkrete tilrettel\u00e6ggelse af arbejdet, overholdelse af lovbestemmelser samt forvaltning af tjenesterne og de tilh\u00f8rende funktioner, alle faktorer som kr\u00e6ver helt forskellig teknisk kunnen ogs\u00e5 ud fra et erhvervsansvarsm\u00e6ssigt synspunkt.<\/p>\n<p>Virksomhedens evne til at virke p\u00e5 komplekse systemer, det v\u00e6re sig i opf\u00f8relsen af bygninger og anl\u00e6g eller i brugen af hj\u00e6lpemidler, sikres gennem kontinuerlig uddannelse p\u00e5 kurser og p\u00e5 pladsen. Undervisningen baseres p\u00e5 aktive metoder i udf\u00f8relsen af de forskellige aspekter indenfor vedligeholdelse, s\u00e5som diagnosticering, analyse af skaden og dens \u00e5rsager, hvordan den kommer til udtryk samt reparation heraf.[\/vc_column_text][vc_empty_space height=&#8221;55px&#8221;][\/vc_column][vc_column css=&#8221;.vc_custom_1590079183632{background-image: url(https:\/\/www.tkisrl.it\/wp-content\/uploads\/2020\/05\/image1-min.jpeg?id=11994) !important;background-position: center !important;background-repeat: no-repeat !important;background-size: cover !important;}&#8221; offset=&#8221;vc_col-lg-6 vc_col-md-6 vc_hidden-sm vc_hidden-xs&#8221;][\/vc_column][\/vc_row][vc_row equal_height=&#8221;yes&#8221;][vc_column st_column_responsive_remove_css=&#8221;st-remove-paddings&#8221; css=&#8221;.vc_custom_1590079218102{padding-right: 80px !important;padding-left: 80px !important;background: #f2f2f2 url(https:\/\/www.tkisrl.it\/wp-content\/uploads\/2020\/05\/image2-min.jpeg?id=11995) !important;background-position: center !important;background-repeat: no-repeat !important;background-size: cover !important;}&#8221; offset=&#8221;vc_col-lg-6 vc_col-md-6&#8243;][\/vc_column][vc_column css=&#8221;.vc_custom_1589989378914{padding-right: 80px !important;padding-left: 80px !important;background-color: #f2f2f2 !important;background-position: center !important;background-repeat: no-repeat !important;background-size: cover !important;}&#8221; offset=&#8221;vc_col-lg-6 vc_col-md-6 vc_hidden-sm vc_hidden-xs&#8221;][vc_empty_space height=&#8221;75px&#8221;][vc_empty_space height=&#8221;40px&#8221;][vc_column_text]Virksomheden tilbyder komplette servicepakker i teknisk bistand samt til overv\u00e5gning og vedligeholdelse (almen og ekstraordin\u00e6r) af elektromekaniske systemer inden for jernbane og byggeri, samt tiltag ved elektriske systemer i beboelsesejendomme og industribygninger.<\/p>\n<p>Inden for byggeri omfatter vores ydelser, ud over grundig unders\u00f8gelse af byggeriet samt vedligeholdelse og kontrol af den faktiske tilstand, en vurdering af energieffektiviteten og tilpasning til de eksisterende anl\u00e6g, virksomhedshygiejne og kvalitetskontrol af indemilj\u00f8et.[\/vc_column_text][vc_empty_space height=&#8221;55px&#8221;][\/vc_column][\/vc_row][vc_row][vc_column][vc_empty_space height=&#8221;80px&#8221;][\/vc_column][\/vc_row]<\/p>\n","protected":false},"excerpt":{"rendered":"<p>[vc_row][vc_column][vc_empty_space height=&#8221;80px&#8221;][\/vc_column][\/vc_row][vc_row equal_height=&#8221;yes&#8221;][vc_column st_column_responsive_remove_css=&#8221;st-remove-paddings&#8221; css=&#8221;.vc_custom_1484603428916{padding-right: 80px !important;padding-left: 80px !important;background-color: #f2f2f2 !important;}&#8221; offset=&#8221;vc_col-lg-6 vc_col-md-6&#8243;][vc_empty_space height=&#8221;75px&#8221;][vc_empty_space height=&#8221;40px&#8221;][vc_column_text]Tekno Kons Innovations\u2019 tilbud om vedligeholdelse og teknisk assistance omfatter alle sektorerne for byggeri, anl\u00e6g og&#8230;<\/p>\n","protected":false},"author":1,"featured_media":12200,"parent":12198,"menu_order":23,"comment_status":"closed","ping_status":"closed","template":"page-templates\/page-for-composer.php","meta":[],"_links":{"self":[{"href":"https:\/\/www.tkisrl.it\/da\/wp-json\/wp\/v2\/pages\/12225"}],"collection":[{"href":"https:\/\/www.tkisrl.it\/da\/wp-json\/wp\/v2\/pages"}],"about":[{"href":"https:\/\/www.tkisrl.it\/da\/wp-json\/wp\/v2\/types\/page"}],"author":[{"embeddable":true,"href":"https:\/\/www.tkisrl.it\/da\/wp-json\/wp\/v2\/users\/1"}],"replies":[{"embeddable":true,"href":"https:\/\/www.tkisrl.it\/da\/wp-json\/wp\/v2\/comments?post=12225"}],"version-history":[{"count":3,"href":"https:\/\/www.tkisrl.it\/da\/wp-json\/wp\/v2\/pages\/12225\/revisions"}],"predecessor-version":[{"id":12725,"href":"https:\/\/www.tkisrl.it\/da\/wp-json\/wp\/v2\/pages\/12225\/revisions\/12725"}],"up":[{"embeddable":true,"href":"https:\/\/www.tkisrl.it\/da\/wp-json\/wp\/v2\/pages\/12198"}],"wp:featuredmedia":[{"embeddable":true,"href":"https:\/\/www.tkisrl.it\/da\/wp-json\/wp\/v2\/media\/12200"}],"wp:attachment":[{"href":"https:\/\/www.tkisrl.it\/da\/wp-json\/wp\/v2\/media?parent=12225"}],"curies":[{"name":"wp","href":"https:\/\/api.w.org\/{rel}","templated":true}]}}