{"id":12233,"date":"2020-05-20T18:17:44","date_gmt":"2020-05-20T16:17:44","guid":{"rendered":"https:\/\/www.tkisrl.it\/i-nostri-servizi\/3d-works\/"},"modified":"2022-03-04T16:30:55","modified_gmt":"2022-03-04T15:30:55","slug":"3d-works","status":"publish","type":"page","link":"https:\/\/www.tkisrl.it\/da\/i-nostri-servizi\/3d-works\/","title":{"rendered":"3D-modellering"},"content":{"rendered":"<p>[vc_row][vc_column][vc_empty_space height=&#8221;80px&#8221;][\/vc_column][\/vc_row][vc_row equal_height=&#8221;yes&#8221;][vc_column st_column_responsive_remove_css=&#8221;st-remove-paddings&#8221; css=&#8221;.vc_custom_1484603428916{padding-right: 80px !important;padding-left: 80px !important;background-color: #f2f2f2 !important;}&#8221; offset=&#8221;vc_col-lg-6 vc_col-md-6&#8243;][vc_empty_space height=&#8221;75px&#8221;]<div id=\"ultimate-heading-947669e624a20fcec\" class=\"uvc-heading ult-adjust-bottom-margin ultimate-heading-947669e624a20fcec uvc-2243  enable-elem side h2\" data-hspacer=\"no_spacer\"  data-halign=\"left\" style=\"text-align:left;\"><i class=\"st-h-before\"><i><\/i><\/i><div class=\"uvc-heading-spacer no_spacer\" style=\"top\"><\/div><div class=\"uvc-main-heading ult-responsive\"  data-ultimate-target='.uvc-heading.ultimate-heading-947669e624a20fcec h2'  data-responsive-json-new='{\"font-size\":\"desktop:32px;\",\"line-height\":\"\"}' ><h2 style=\"font-weight:bold;\">3D-MODELLERING<\/h2><\/div><\/div>[vc_empty_space height=&#8221;40px&#8221;][vc_column_text]Virksomhedens vedvarende s\u00f8gen efter nye anl\u00e6gsrelaterede muligheder for digitalisering af byggeprocesser s\u00e5vel som industrielle processer har v\u00e6ret drivkraften for vores udvikling af arbejdsmetoder, der ved hj\u00e6lp af anvendelse af teknologier for informationsudveksling baseret p\u00e5 CIM (computer integrated manufacturing) opfylder behovene p\u00e5 et marked, der er stadigt mere orienteret mod de s\u00e5kaldte Smart Solutions.<\/p>\n<p>Takket v\u00e6re de forskellige arbejdsfunktioners stadigt stigende indlemmelse af trykningsprocesserne i 3D, har Tekno Kons Innovations valgt at sigte mod etablering af et nyt organisatorisk potentiale baseret p\u00e5 reglerne og principperne for Industri 4.0.[\/vc_column_text][vc_empty_space height=&#8221;55px&#8221;][\/vc_column][vc_column css=&#8221;.vc_custom_1590080134073{background-image: url(https:\/\/www.tkisrl.it\/wp-content\/uploads\/2020\/05\/nuovo-convertitore-3d-per-la-stampa-di-modelli-3d-prodotti-min.jpg?id=11999) !important;background-position: center !important;background-repeat: no-repeat !important;background-size: cover !important;}&#8221; offset=&#8221;vc_col-lg-6 vc_col-md-6 vc_hidden-sm vc_hidden-xs&#8221;][\/vc_column][\/vc_row][vc_row equal_height=&#8221;yes&#8221;][vc_column st_column_responsive_remove_css=&#8221;st-remove-paddings&#8221; css=&#8221;.vc_custom_1590080144461{padding-right: 80px !important;padding-left: 80px !important;background: #f2f2f2 url(https:\/\/www.tkisrl.it\/wp-content\/uploads\/2020\/05\/print3d-1060&#215;424-min.jpg?id=12000) !important;}&#8221; offset=&#8221;vc_col-lg-6 vc_col-md-6&#8243;][\/vc_column][vc_column css=&#8221;.vc_custom_1589989378914{padding-right: 80px !important;padding-left: 80px !important;background-color: #f2f2f2 !important;background-position: center !important;background-repeat: no-repeat !important;background-size: cover !important;}&#8221; offset=&#8221;vc_col-lg-6 vc_col-md-6 vc_hidden-sm vc_hidden-xs&#8221;][vc_empty_space height=&#8221;75px&#8221;][vc_column_text]Vores partnerskab med virksomheder specialiseret i udvikling af avancerede 3D-l\u00f8sninger giver nu Tekno Kons Innovations mulighed for at tilbyde 3D-scanninger, Topological Analysis, Concept Design og Reverse Engineering til udarbejdelse af produkter og h\u00f8jt personaliserede tjenesteydelser, baseret p\u00e5 udformning af prototyper og skr\u00e6ddersyet projektering.<\/p>\n<p>Med de mange tilgange til at skabe et tredimensionelt objekt baseret p\u00e5 3D-print i industriskala, det s\u00e5kaldte AM (Additive Manufacturing), udvides sp\u00e6ndvidden i vores konsulentvirksomhed til at omfatte ikke alene byggevirksomhed og arkitektur, fremstillingssektoren og industriproduktion, men ogs\u00e5 virksomheder, der har specialiseret sig i at operere i luft- og rumfartssektoren, bilindustrien og inden for biomedicin.[\/vc_column_text][vc_empty_space height=&#8221;55px&#8221;][\/vc_column][\/vc_row][vc_row equal_height=&#8221;yes&#8221;][vc_column st_column_responsive_remove_css=&#8221;st-remove-paddings&#8221; css=&#8221;.vc_custom_1484603428916{padding-right: 80px !important;padding-left: 80px !important;background-color: #f2f2f2 !important;}&#8221; offset=&#8221;vc_col-lg-6 vc_col-md-6&#8243;][vc_empty_space height=&#8221;75px&#8221;][vc_column_text]Denne mulighed for at kunne drage nytte af forskellige teknologiers potentiale giver os mulighed for at levere en bred vifte af l\u00f8sninger med udgangspunkt i digitaliserede produktionsprocesser, s\u00e5som:<\/p>\n<ul>\n<li>3D-scanninger: udf\u00f8relse af realistiske modeller gennem anvendelse af programmerne inden for ARTEC\u00ae teknologien<\/li>\n<li>Design og prototypeskabelse i 3D<\/li>\n<li>3D-print og FDM \u2013 Fused Deposition Modelling: print i forskelligt materiale af prototyper i h\u00f8j opl\u00f8sning (0,005m \u00f7 5\u00b5m), der g\u00f8r det muligt at gennemf\u00f8re komplekse og individuelle projekter, ogs\u00e5 i serier, til spr\u00f8jtest\u00f8bning eller gennem Termoboring<\/li>\n<li>Laserudsk\u00e6ring &amp; CNC \u2013 Computer Numerical Control<\/li>\n<li>Stereolitografi og Formlabs\u00ae.<\/li>\n<\/ul>\n<p>Med muligheden for opm\u00e5ling og 3D-print, kompletterer vi i Tekno Kons Innovations vores tilbud om levering af integrerede tjenesteydelser, der tager h\u00f8jde for de stigende behov p\u00e5 et marked hvor virksomhederne konstant er i udvikling. Et marked, hvor virksomheder i omstillingen til Industri 4.0 forventes at im\u00f8deg\u00e5 stadigt flere digitale udfordringer. Med dette supplement til vores ydelser tilbyder vi at ledsage virksomhederne i opbygning af stadigt mere specialiserede og effektive produktionsenheder.[\/vc_column_text][vc_empty_space height=&#8221;55px&#8221;][\/vc_column][vc_column css=&#8221;.vc_custom_1590080153313{background-image: url(https:\/\/www.tkisrl.it\/wp-content\/uploads\/2020\/05\/image-min.jpg?id=11998) !important;background-position: center !important;background-repeat: no-repeat !important;background-size: cover !important;}&#8221; offset=&#8221;vc_col-lg-6 vc_col-md-6 vc_hidden-sm vc_hidden-xs&#8221;][\/vc_column][\/vc_row][vc_row][vc_column][vc_empty_space height=&#8221;80px&#8221;][\/vc_column][\/vc_row]<\/p>\n","protected":false},"excerpt":{"rendered":"<p>[vc_row][vc_column][vc_empty_space height=&#8221;80px&#8221;][\/vc_column][\/vc_row][vc_row equal_height=&#8221;yes&#8221;][vc_column st_column_responsive_remove_css=&#8221;st-remove-paddings&#8221; css=&#8221;.vc_custom_1484603428916{padding-right: 80px !important;padding-left: 80px !important;background-color: #f2f2f2 !important;}&#8221; offset=&#8221;vc_col-lg-6 vc_col-md-6&#8243;][vc_empty_space height=&#8221;75px&#8221;][vc_empty_space height=&#8221;40px&#8221;][vc_column_text]Virksomhedens vedvarende s\u00f8gen efter nye anl\u00e6gsrelaterede muligheder for digitalisering af byggeprocesser s\u00e5vel som industrielle processer har&#8230;<\/p>\n","protected":false},"author":1,"featured_media":12200,"parent":12198,"menu_order":23,"comment_status":"closed","ping_status":"closed","template":"page-templates\/page-for-composer.php","meta":[],"_links":{"self":[{"href":"https:\/\/www.tkisrl.it\/da\/wp-json\/wp\/v2\/pages\/12233"}],"collection":[{"href":"https:\/\/www.tkisrl.it\/da\/wp-json\/wp\/v2\/pages"}],"about":[{"href":"https:\/\/www.tkisrl.it\/da\/wp-json\/wp\/v2\/types\/page"}],"author":[{"embeddable":true,"href":"https:\/\/www.tkisrl.it\/da\/wp-json\/wp\/v2\/users\/1"}],"replies":[{"embeddable":true,"href":"https:\/\/www.tkisrl.it\/da\/wp-json\/wp\/v2\/comments?post=12233"}],"version-history":[{"count":3,"href":"https:\/\/www.tkisrl.it\/da\/wp-json\/wp\/v2\/pages\/12233\/revisions"}],"predecessor-version":[{"id":12730,"href":"https:\/\/www.tkisrl.it\/da\/wp-json\/wp\/v2\/pages\/12233\/revisions\/12730"}],"up":[{"embeddable":true,"href":"https:\/\/www.tkisrl.it\/da\/wp-json\/wp\/v2\/pages\/12198"}],"wp:featuredmedia":[{"embeddable":true,"href":"https:\/\/www.tkisrl.it\/da\/wp-json\/wp\/v2\/media\/12200"}],"wp:attachment":[{"href":"https:\/\/www.tkisrl.it\/da\/wp-json\/wp\/v2\/media?parent=12233"}],"curies":[{"name":"wp","href":"https:\/\/api.w.org\/{rel}","templated":true}]}}