{"id":12784,"date":"2022-06-20T17:24:26","date_gmt":"2022-06-20T15:24:26","guid":{"rendered":"https:\/\/www.tkisrl.it\/certificazioni\/"},"modified":"2023-04-05T12:54:50","modified_gmt":"2023-04-05T10:54:50","slug":"certificazioni","status":"publish","type":"page","link":"https:\/\/www.tkisrl.it\/da\/certificazioni\/","title":{"rendered":"Certificeringer"},"content":{"rendered":"<p>[vc_row][vc_column][vc_empty_space height=&#8221;60px&#8221;][vc_column_text]Kvalitetsstyringssystemet er for PTekno Kons Innovations et af de vigtigste aspekter i virksomhedens politik og udg\u00f8r det afg\u00f8rende element i ethvert projekt som det grundl\u00e6ggende regels\u00e6t og ledetr\u00e5den for vores professionelle medarbejdere.<\/p>\n<p>Ved at operere i overensstemmelse med de internationale standarder i den til enhver tid g\u00e6ldende lovgivning og under overholdelse af kravene i det europ\u00e6iske kvalitetsstyringssystem UNI EN ISO 9001:2015, sikrer vi at opn\u00e5 og opretholde den h\u00f8jeste kvalitet i de ydelser, vi leverer.<\/p>\n<p>Vores tilsagn om at opretholde dette h\u00f8je niveau sikres gennem den vedvarende og engagerede indsats, som alle medarbejderne i virksomhedens forskellige operative afdelinger l\u00e6gger for dagen; en pr\u00e6station, som er under stadig fornyelse, ligesom der l\u00f8bende foretages kontrol og inspektion, s\u00e5ledes at kvalitetsstyringen som s\u00e5dan forbliver et effektivt redskab til udvikling og forbedring til gavn for vores kunder.<\/p>\n<p>Tekno Kons Innovations l\u00e6gger stor v\u00e6gt p\u00e5 hensynet til s\u00e5vel milj\u00f8beskyttelse som sikkerhed p\u00e5 arbejdspladserne, og vi har derfor indledt verifikationsforl\u00f8bene med henblik p\u00e5 certificering i henhold til den internationale standard for milj\u00f8ledelse ISO 14001:2015 samt til standarden for sikkerheden p\u00e5 arbejdspladsen ISO 45001:2018 (tidligere OHSAS 18001:2007), som begge er m\u00e5let for virksomhedens str\u00e6ben efter implementering af det integrerede ledelsessystem (SGI).<\/p>\n<p style=\"text-align: center;\"><strong style=\"color: #405666; font-size: 20px;\">Vores certificeringer<\/strong><\/p>\n<p>[\/vc_column_text][\/vc_column][\/vc_row][vc_row][vc_column width=&#8221;1\/3&#8243;][vc_single_image image=&#8221;13101&#8243; img_size=&#8221;full&#8221; alignment=&#8221;center&#8221; style=&#8221;vc_box_shadow&#8221; onclick=&#8221;custom_link&#8221; link=&#8221;https:\/\/www.tkisrl.it\/wp-content\/uploads\/2022\/11\/Certificate-IT318541_TEKNO-KONS-INNOVATION-SRL-ISO-9001-REV1.pdf&#8221;][\/vc_column][vc_column width=&#8221;1\/3&#8243; css=&#8221;.vc_custom_1669047918578{padding-right: 20px !important;padding-left: 20px !important;}&#8221;][vc_single_image image=&#8221;12826&#8243; img_size=&#8221;full&#8221; alignment=&#8221;center&#8221; style=&#8221;vc_box_shadow&#8221; onclick=&#8221;custom_link&#8221; link=&#8221;https:\/\/www.tkisrl.it\/wp-content\/uploads\/2022\/11\/Certificate-IT318029_TEKNO-KONS-INNOVATION-SRL-ISO-45001-REV1-ITA.pdf&#8221;][\/vc_column][vc_column width=&#8221;1\/3&#8243; css=&#8221;.vc_custom_1669048001086{padding-right: 20px !important;padding-left: 20px !important;}&#8221;][vc_single_image image=&#8221;13093&#8243; img_size=&#8221;full&#8221; alignment=&#8221;center&#8221; style=&#8221;vc_box_shadow&#8221; onclick=&#8221;custom_link&#8221; link=&#8221;https:\/\/www.tkisrl.it\/wp-content\/uploads\/2023\/04\/Certificate-IT318967_TEKNO-KONS-INNOVATION-SRL-ISO-14001-REV1.pdf&#8221;][\/vc_column][\/vc_row][vc_row][vc_column][vc_empty_space height=&#8221;60px&#8221;][\/vc_column][\/vc_row]<\/p>\n","protected":false},"excerpt":{"rendered":"<p>[vc_row][vc_column][vc_empty_space height=&#8221;60px&#8221;][vc_column_text]Kvalitetsstyringssystemet er for PTekno Kons Innovations et af de vigtigste aspekter i virksomhedens politik og udg\u00f8r det afg\u00f8rende element i ethvert projekt som det grundl\u00e6ggende regels\u00e6t og ledetr\u00e5den for&#8230;<\/p>\n","protected":false},"author":1,"featured_media":12238,"parent":0,"menu_order":49,"comment_status":"closed","ping_status":"closed","template":"page-templates\/page-for-composer.php","meta":[],"_links":{"self":[{"href":"https:\/\/www.tkisrl.it\/da\/wp-json\/wp\/v2\/pages\/12784"}],"collection":[{"href":"https:\/\/www.tkisrl.it\/da\/wp-json\/wp\/v2\/pages"}],"about":[{"href":"https:\/\/www.tkisrl.it\/da\/wp-json\/wp\/v2\/types\/page"}],"author":[{"embeddable":true,"href":"https:\/\/www.tkisrl.it\/da\/wp-json\/wp\/v2\/users\/1"}],"replies":[{"embeddable":true,"href":"https:\/\/www.tkisrl.it\/da\/wp-json\/wp\/v2\/comments?post=12784"}],"version-history":[{"count":6,"href":"https:\/\/www.tkisrl.it\/da\/wp-json\/wp\/v2\/pages\/12784\/revisions"}],"predecessor-version":[{"id":13081,"href":"https:\/\/www.tkisrl.it\/da\/wp-json\/wp\/v2\/pages\/12784\/revisions\/13081"}],"wp:featuredmedia":[{"embeddable":true,"href":"https:\/\/www.tkisrl.it\/da\/wp-json\/wp\/v2\/media\/12238"}],"wp:attachment":[{"href":"https:\/\/www.tkisrl.it\/da\/wp-json\/wp\/v2\/media?parent=12784"}],"curies":[{"name":"wp","href":"https:\/\/api.w.org\/{rel}","templated":true}]}}