{"id":13024,"date":"2017-03-24T16:11:21","date_gmt":"2017-03-24T16:11:21","guid":{"rendered":"https:\/\/www.tkisrl.it\/chi-siamo\/"},"modified":"2023-05-23T12:32:04","modified_gmt":"2023-05-23T10:32:04","slug":"chi-siamo","status":"publish","type":"page","link":"https:\/\/www.tkisrl.it\/fr\/chi-siamo\/","title":{"rendered":"Nous sommes"},"content":{"rendered":"<p>[vc_row][vc_column][vc_empty_space height=&#8221;100px&#8221;][\/vc_column][vc_column offset=&#8221;vc_col-lg-7 vc_col-md-8&#8243;][vc_column_text]<\/p>\n<h5>Tekno Kons Innovations est une entrprise jeune et dynamique op\u00e9rant depuis 2015 principalement dans les secteurs des infrastructures routi\u00e8res et ferroviaires et dans la construction civile et industrielle, avec des bureaux en Italie et en Belgique.<\/h5>\n<p>Partenaire commercial de la marque italienne Tekno Kons Innovation srl, il est compos\u00e9 de professionnels ayant de nombreuses ann\u00e9es d\u2019exp\u00e9rience dans les diff\u00e9rentes disciplines qui couvrent la grande gamme de services offerts, allant des solutions d\u2019ingenierie \u00b0 la construction g\u00e9n\u00e9rale, des syst\u00e8mes technologiques aux services ferroviaires, du conseil aux entrprises \u00e0 la gestion du processus de construction.<\/p>\n<p>L\u2019entreprise est en mesure d\u2019offrir un accompagnement complet et dynamique aux entreprises priv\u00e9es et aux administrations publiques, gr\u00e0ce \u00e0 sa bonne structure diversifi\u00e9e dans differnts d\u00e9partements op\u00e9rationnels, compos\u00e9s pour chacun d\u2019eux d\u2019\u00e9quipes d\u2019ingenieurs, de g\u00e9om\u00e8tres et de techniciens sp\u00e9cialis\u00e9s qui lui permettent d\u2019offrir des solutions techniques et procedurales \u00e9tendues, garantissant une assistance et un support continus. Le bagage technique pluridisciplinaire, associ\u00e9 \u00e0 l\u2019exp\u00e8rince et aux habilit\u00e8s acquises sur le terrain, garantissent les comp\u00e8tences n\u00e9cessaires pour r\u00e9pondre aux besoins sp\u00e9cifiques des diff\u00e9rents partenaires professionnels.<\/p>\n<blockquote>\n<h4>La recherche de l&#8217;excellence dans le r\u00e9sultat est ce qui guide Tekno Kons Innovations, jour apr\u00e8s jour<\/h4>\n<\/blockquote>\n<p>[\/vc_column_text][\/vc_column][vc_column width=&#8221;1\/12&#8243; offset=&#8221;vc_col-lg-1 vc_hidden-md vc_hidden-sm vc_hidden-xs&#8221;][\/vc_column][vc_column offset=&#8221;vc_col-lg-4 vc_col-md-4 vc_hidden-sm vc_hidden-xs&#8221;]<div class=\"ult-spacer spacer-69e6287b34b9f\" data-id=\"69e6287b34b9f\" data-height=\"0\" data-height-mobile=\"0\" data-height-tab=\"50\" data-height-tab-portrait=\"0\" data-height-mobile-landscape=\"0\" style=\"clear:both;display:block;\"><\/div><div class=\"st-advanced-image \" id=\"st-advanced-single-image-69e6287b34bec\"><div class=\"st-advanced-image-inner center\" style=\"background-image:url(https:\/\/www.tkisrl.it\/wp-content\/uploads\/2020\/05\/digitalbim.jpg);height:520px;width:100%;\"><\/div><\/div>[\/vc_column][\/vc_row][vc_row][vc_column][vc_empty_space height=&#8221;70px&#8221;][\/vc_column][\/vc_row][vc_row st_row_width=&#8221;row-full-width&#8221; equal_height=&#8221;yes&#8221;][vc_column width=&#8221;1\/2&#8243; offset=&#8221;vc_col-lg-6 vc_col-md-6 vc_hidden-sm vc_hidden-xs&#8221; css=&#8221;.vc_custom_1590054067103{background-image: url(https:\/\/www.tkisrl.it\/wp-content\/uploads\/2020\/05\/building-information-modelling-bim-key-visual-v2-0.jpg?id=11949) !important;background-position: center !important;background-repeat: no-repeat !important;background-size: cover !important;}&#8221;][\/vc_column][vc_column st_column_responsive_remove_css=&#8221;st-remove-paddings&#8221; css=&#8221;.vc_custom_1589986000275{padding-right: 8% !important;padding-left: 100px !important;background-color: #405666 !important;}&#8221; offset=&#8221;vc_col-lg-6 vc_col-md-6&#8243;][vc_empty_space height=&#8221;85px&#8221;]<div id=\"aio-icon-component-2683\" class=\"aio-icon-component  vc_custom_1669130644030   style_1\" ><div id=\"Info-box-wrap-3244\" class=\"aio-icon-box left-icon \" style=\"\"  ><div class=\"aio-icon-left\"><div class=\"ult-just-icon-wrapper  \"><div class=\"align-icon\" style=\"text-align:center;\">\n<div class=\"aio-icon advanced \"  style=\"color:#0097c1;border-style:solid;border-color:#0097c1;border-width:3px;width:90px;height:90px;line-height:90px;border-radius:90px;font-size:40px;display:inline-block;\">\n\t<i class=\"Defaults-cogs gears\"><\/i>\n<\/div><\/div><\/div><\/div><div class=\"aio-ibd-block\"><div class=\"aio-icon-header\" ><h3 class=\"aio-icon-title ult-responsive\"  data-ultimate-target='#Info-box-wrap-3244 .aio-icon-title'  data-responsive-json-new='{\"font-size\":\"desktop:30px;\",\"line-height\":\"\"}'  style=\"font-weight:bold;color:#ffffff;\">Innovation et Recherche<\/h3><\/div> <!-- header --><\/div> <!-- aio-ibd-block --><\/div> <!-- aio-icon-box --><\/div> <!-- aio-icon-component -->[vc_empty_space height=&#8221;45px&#8221;][vc_column_text]<span style=\"color: #ffffff;\">Au cours de la derni\u00e8re decennie, la soci\u00e9t\u00e8 a contribu\u00e9 avec succ\u00e8s \u00e0 la mise en oeuvre d\u2019importants projets d\u2019infrastructure gr\u00e0ce \u00e0 la collaboration avec des entreprises leaders dans leurs secteurs respectifs, elle a aussi particip\u00e9 activement \u00e0 des projets prestigieux dans toute l\u2019Europe, dont notamment le projet Verona Padova AV:AC- Bonifica SpA \/ Ansaldo STS SpA, M\u00e9tro C Rome \u2013 Ansaldo STS SpA, M\u00e9tro Milan M4 \u2013 Hitachi Rail STS, etc..<\/span><\/p>\n<p><span style=\"color: #ffffff;\">Op\u00e8rant selon les normes requises par la r\u00e8glementation en vigueur et adoptant le syst\u00e8me interne de gestion de la qualit\u00e8 UNI EN ISO 9001 : 2015, l\u2019entreprise garantit des niveaux de performance des services offerts.<\/span>[\/vc_column_text][vc_empty_space height=&#8221;20px&#8221;][st_simple_link st_simple_link_alignment=&#8221;text-left&#8221; st_simple_link_dark_bg=&#8221;yes&#8221; st_simple_link_title=&#8221;D\u00e9couvrez les prestations&#8221; st_simple_link_link=&#8221;url:%2Ffr%2Fi-nostri-servizi%2F|||&#8221;][vc_empty_space height=&#8221;70px&#8221;][\/vc_column][\/vc_row][vc_row st_row_width=&#8221;row-full-width&#8221; equal_height=&#8221;yes&#8221;][vc_column st_column_responsive_remove_css=&#8221;st-remove-paddings&#8221; css=&#8221;.vc_custom_1589986009398{padding-right: 100px !important;padding-left: 8% !important;background-color: #0097c1 !important;}&#8221; offset=&#8221;vc_col-lg-6 vc_col-md-6&#8243;][vc_empty_space height=&#8221;85px&#8221;]<div id=\"aio-icon-component-9725\" class=\"aio-icon-component  vc_custom_1589986062001   style_1\" ><div id=\"Info-box-wrap-7381\" class=\"aio-icon-box left-icon \" style=\"\"  ><div class=\"aio-icon-left\"><div class=\"ult-just-icon-wrapper  \"><div class=\"align-icon\" style=\"text-align:center;\">\n<div class=\"aio-icon advanced \"  style=\"color:#405666;border-style:solid;border-color:#405666;border-width:3px;width:90px;height:90px;line-height:90px;border-radius:90px;font-size:40px;display:inline-block;\">\n\t<i class=\"Defaults-group users\"><\/i>\n<\/div><\/div><\/div><\/div><div class=\"aio-ibd-block\"><div class=\"aio-icon-header\" ><h3 class=\"aio-icon-title ult-responsive\"  data-ultimate-target='#Info-box-wrap-7381 .aio-icon-title'  data-responsive-json-new='{\"font-size\":\"desktop:30px;\",\"line-height\":\"\"}'  style=\"font-weight:bold;color:#ffffff;\">Partnership e Collaborazioni<\/h3><\/div> <!-- header --><\/div> <!-- aio-ibd-block --><\/div> <!-- aio-icon-box --><\/div> <!-- aio-icon-component -->[vc_empty_space height=&#8221;45px&#8221;][vc_column_text]<span style=\"color: #ffffff;\">Gr\u00e2ce aux nombreux partenariats et collaborations de ces derni\u00e8res ann\u00e9es, Tekno Kons Innovations est devenue une r\u00e9alit\u00e9 solide op\u00e9rant dans le secteur de r\u00e9f\u00e9rence, d\u00e9veloppant un \u00e9norme potentiel de croissance pour les ann\u00e9es \u00e0 venir.<\/span><\/p>\n<p><span style=\"color: #ffffff;\">La recherche et le d\u00e9veloppement de m\u00e9thodologies d&#8217;exploitation de pointe dans les diff\u00e9rents secteurs et la mise \u00e0 jour professionnelle continue des ressources de l&#8217;entreprise en font un point de r\u00e9f\u00e9rence pour le d\u00e9veloppement de grands r\u00e9seaux d&#8217;infrastructures continentaux et dans la transformation des principales m\u00e9tropoles europ\u00e9ennes en nouvelles Smart Villes.<\/span>[\/vc_column_text][vc_empty_space height=&#8221;20px&#8221;][st_simple_link st_simple_link_alignment=&#8221;text-left&#8221; st_simple_link_dark_bg=&#8221;yes&#8221; st_simple_link_title=&#8221;D\u00e9couvrez les prestations&#8221; st_simple_link_link=&#8221;url:%2Ffr%2Fi-nostri-servizi%2F|||&#8221;][vc_empty_space height=&#8221;70px&#8221;][\/vc_column][vc_column width=&#8221;1\/2&#8243; offset=&#8221;vc_col-lg-6 vc_col-md-6 vc_hidden-sm vc_hidden-xs&#8221; css=&#8221;.vc_custom_1590054301358{background-image: url(https:\/\/www.tkisrl.it\/wp-content\/uploads\/2020\/05\/pk-chi-siamo.jpg?id=11950) !important;background-position: center !important;background-repeat: no-repeat !important;background-size: cover !important;}&#8221;][\/vc_column][\/vc_row][vc_row][vc_column][vc_empty_space height=&#8221;80px&#8221;][\/vc_column][\/vc_row][vc_row][vc_column offset=&#8221;vc_col-lg-5 vc_col-md-5&#8243;]<div id=\"ultimate-heading-753469e6287b351de\" class=\"uvc-heading ult-adjust-bottom-margin ultimate-heading-753469e6287b351de uvc-1020  enable-elem side h2\" data-hspacer=\"no_spacer\"  data-halign=\"left\" style=\"text-align:left;\"><i class=\"st-h-before\"><i><\/i><\/i><div class=\"uvc-heading-spacer no_spacer\" style=\"top\"><\/div><div class=\"uvc-main-heading ult-responsive\"  data-ultimate-target='.uvc-heading.ultimate-heading-753469e6287b351de h2'  data-responsive-json-new='{\"font-size\":\"desktop:30px;\",\"line-height\":\"\"}' ><h2 style=\"font-weight:bold;\">Qualit\u00e9 et s\u00e9curit\u00e9<\/h2><\/div><div class=\"uvc-sub-heading ult-responsive\"  data-ultimate-target='.uvc-heading.ultimate-heading-753469e6287b351de .uvc-sub-heading '  data-responsive-json-new='{\"font-size\":\"desktop:22px;\",\"line-height\":\"\"}'  style=\"font-weight:normal;color:#999999;\">Nos certifications<\/div><\/div><div class=\"ult-spacer spacer-69e6287b35227\" data-id=\"69e6287b35227\" data-height=\"0\" data-height-mobile=\"40\" data-height-tab=\"0\" data-height-tab-portrait=\"40\" data-height-mobile-landscape=\"40\" style=\"clear:both;display:block;\"><\/div>[\/vc_column][vc_column st_column_responsive_remove_css=&#8221;st-remove-paddings&#8221; css=&#8221;.vc_custom_1484599481511{padding-left: 80px !important;}&#8221; offset=&#8221;vc_col-lg-7 vc_col-md-7&#8243;][\/vc_column][\/vc_row][vc_row gap=&#8221;15&#8243;][vc_column width=&#8221;1\/2&#8243;][vc_empty_space height=&#8221;30px&#8221;][vc_column_text]Le syst\u00e8me de gestion de la qualit\u00e9 de l&#8217;entreprise repr\u00e9sente pour Tekno Kons Innovations l&#8217;un des points strat\u00e9giques de sa politique : c&#8217;est l&#8217;\u00e9l\u00e9ment essentiel de chaque projet, le premier principe qui guide tous nos professionnels.<\/p>\n<p>Op\u00e9rant selon les normes internationales requises par la r\u00e9glementation en vigueur et adoptant le syst\u00e8me interne de gestion de la qualit\u00e9 UNI EN ISO 9001: 2015, l&#8217;entreprise garantit l&#8217;atteinte et le maintien de niveaux \u00e9lev\u00e9s de performance des services offerts.<\/p>\n<p>Cet engagement, qui \u00e9volue et se renouvelle de jour en jour, est garanti par la contribution de toutes les personnes qui travaillent dans les diff\u00e9rents services op\u00e9rationnels et est constamment soumis \u00e0 des contr\u00f4les et v\u00e9rifications afin qu&#8217;un outil d&#8217;am\u00e9lioration efficace soit toujours maintenu au profit de ses clients.<br \/>\n[\/vc_column_text][\/vc_column][vc_column width=&#8221;1\/2&#8243;][vc_empty_space height=&#8221;30px&#8221;][vc_column_text]Tekno Kons Innovations attache une grande importance \u00e0 la sauvegarde des aspects li\u00e9s \u00e0 la s\u00e9curit\u00e9 sur le lieu de travail et \u00e0 l&#8217;environnement, c&#8217;est pourquoi elle a entam\u00e9 les proc\u00e9dures de qualification au syst\u00e8me de gestion de l&#8217;environnement ISO 14001 : 2015 et au syst\u00e8me de gestion de la s\u00e9curit\u00e9 au travail. ISO 45001 : 2018 (anciennement OHSAS 18001 : 2007), qui repr\u00e9sentent l&#8217;objectif futur pour atteindre la qualification de Syst\u00e8me Int\u00e9gr\u00e9.[\/vc_column_text][vc_empty_space height=&#8221;30px&#8221;][vc_row_inner][vc_column_inner width=&#8221;1\/2&#8243;][vc_single_image image=&#8221;12732&#8243; img_size=&#8221;277&#215;46&#8243; alignment=&#8221;center&#8221;][\/vc_column_inner][vc_column_inner width=&#8221;1\/2&#8243;][vc_single_image image=&#8221;12735&#8243; img_size=&#8221;105&#215;46&#8243; alignment=&#8221;center&#8221;][\/vc_column_inner][\/vc_row_inner][\/vc_column][\/vc_row][vc_row gap=&#8221;15&#8243;][vc_column width=&#8221;1\/3&#8243;][\/vc_column][vc_column width=&#8221;1\/3&#8243;][\/vc_column][vc_column width=&#8221;1\/3&#8243;][\/vc_column][\/vc_row][vc_row st_row_width=&#8221;row-full-width&#8221;][vc_column][vc_empty_space height=&#8221;60px&#8221;][vc_row_inner][vc_column_inner width=&#8221;1\/2&#8243;][\/vc_column_inner][vc_column_inner width=&#8221;1\/2&#8243;][\/vc_column_inner][\/vc_row_inner][\/vc_column][vc_column width=&#8221;1\/6&#8243;][\/vc_column][vc_column offset=&#8221;vc_col-lg-8 vc_col-md-12&#8243;][\/vc_column][vc_column width=&#8221;1\/6&#8243;][\/vc_column][vc_column][vc_empty_space height=&#8221;60px&#8221;][\/vc_column][\/vc_row][vc_row bg_type=&#8221;bg_color&#8221; bg_override=&#8221;full&#8221; bg_color_value=&#8221;#0097c1&#8243;][vc_column width=&#8221;1\/3&#8243;][vc_empty_space height=&#8221;25px&#8221;]<div id=\"aio-icon-component-3619\" class=\"aio-icon-component  vc_custom_1681718551891   style_4\" ><a class=\"aio-icon-box-link\" href=\"https:\/\/www.tkisrl.it\/company-profile\/P&K_2020_Company%20Profile_EN_rev.1.00.pdf\" ><div id=\"Info-box-wrap-5013\" class=\"aio-icon-box left-icon \" style=\"\"  ><div class=\"aio-icon-left\"><div class=\"ult-just-icon-wrapper  \"><div class=\"align-icon\" style=\"text-align:center;\">\n<div class=\"aio-icon advanced \"  style=\"color:#ffffff;background:#30495e;border-style:solid;border-color:;border-width:0px;width:50px;height:50px;line-height:50px;border-radius:50px;font-size:26px;display:inline-block;\">\n\t<i class=\"Defaults-download\"><\/i>\n<\/div><\/div><\/div><\/div><div class=\"aio-ibd-block\"><div class=\"aio-icon-description ult-responsive\"  data-ultimate-target='#Info-box-wrap-5013 .aio-icon-description'  data-responsive-json-new='{\"font-size\":\"desktop:14px;\",\"line-height\":\"\"}'  style=\"color:#ffffff;\">T\u00c9L\u00c9CHARGEZ LE PROFIL DE L&#8217;ENTREPRISE<\/div> <!-- description --><\/div> <!-- aio-ibd-block --><\/div> <!-- aio-icon-box --><\/a><\/div> <!-- aio-icon-component --><script type=\"text\/javascript\">jQuery(document).ready(function(){jQuery('head').append('<style type=\"text\/css\">#aio-icon-component-3619.style_4:hover #Info-box-wrap-5013 .ult-just-icon-wrapper .aio-icon{color:#30495e !important} #aio-icon-component-3619.style_4:hover #Info-box-wrap-5013 .ult-just-icon-wrapper .aio-icon, #aio-icon-component-3619.style_4:hover #Info-box-wrap-5013 .ult-just-icon-wrapper .aio-icon-img{background:#ffffff !important} <\/style>');});<\/script>[vc_empty_space height=&#8221;20px&#8221;][\/vc_column][vc_column width=&#8221;1\/3&#8243;][vc_empty_space height=&#8221;20px&#8221;]<div id=\"aio-icon-component-9943\" class=\"aio-icon-component  vc_custom_1681718569225   style_4\" ><a class=\"aio-icon-box-link\" href=\"\/fr\/contatti\/\" ><div id=\"Info-box-wrap-9929\" class=\"aio-icon-box left-icon \" style=\"\"  ><div class=\"aio-icon-left\"><div class=\"ult-just-icon-wrapper  \"><div class=\"align-icon\" style=\"text-align:center;\">\n<div class=\"aio-icon advanced \"  style=\"color:#ffffff;background:#30495e;border-style:solid;border-color:;border-width:0px;width:50px;height:50px;line-height:50px;border-radius:50px;font-size:26px;display:inline-block;\">\n\t<i class=\"Defaults-comment\"><\/i>\n<\/div><\/div><\/div><\/div><div class=\"aio-ibd-block\"><div class=\"aio-icon-description ult-responsive\"  data-ultimate-target='#Info-box-wrap-9929 .aio-icon-description'  data-responsive-json-new='{\"font-size\":\"desktop:14px;\",\"line-height\":\"\"}'  style=\"color:#ffffff;\">DEMANDEZ DES CONSEILS<\/div> <!-- description --><\/div> <!-- aio-ibd-block --><\/div> <!-- aio-icon-box --><\/a><\/div> <!-- aio-icon-component --><script type=\"text\/javascript\">jQuery(document).ready(function(){jQuery('head').append('<style type=\"text\/css\">#aio-icon-component-9943.style_4:hover #Info-box-wrap-9929 .ult-just-icon-wrapper .aio-icon{color:#30495e !important} #aio-icon-component-9943.style_4:hover #Info-box-wrap-9929 .ult-just-icon-wrapper .aio-icon, #aio-icon-component-9943.style_4:hover #Info-box-wrap-9929 .ult-just-icon-wrapper .aio-icon-img{background:#ffffff !important} <\/style>');});<\/script>[\/vc_column][vc_column width=&#8221;1\/3&#8243;][vc_empty_space height=&#8221;20px&#8221;]<div id=\"aio-icon-component-7807\" class=\"aio-icon-component  vc_custom_1681718585304   style_4\" ><a class=\"aio-icon-box-link\" href=\"\/fr\/contatti\/\" ><div id=\"Info-box-wrap-3219\" class=\"aio-icon-box left-icon \" style=\"\"  ><div class=\"aio-icon-left\"><div class=\"ult-just-icon-wrapper  \"><div class=\"align-icon\" style=\"text-align:center;\">\n<div class=\"aio-icon advanced \"  style=\"color:#ffffff;background:#30495e;border-style:solid;border-color:;border-width:0px;width:50px;height:50px;line-height:50px;border-radius:50px;font-size:26px;display:inline-block;\">\n\t<i class=\"Defaults-map-marker\"><\/i>\n<\/div><\/div><\/div><\/div><div class=\"aio-ibd-block\"><div class=\"aio-icon-description ult-responsive\"  data-ultimate-target='#Info-box-wrap-3219 .aio-icon-description'  data-responsive-json-new='{\"font-size\":\"desktop:14px;\",\"line-height\":\"\"}'  style=\"color:#ffffff;\">O\u00d9 NOUS SOMMES<\/div> <!-- description --><\/div> <!-- aio-ibd-block --><\/div> <!-- aio-icon-box --><\/a><\/div> <!-- aio-icon-component --><script type=\"text\/javascript\">jQuery(document).ready(function(){jQuery('head').append('<style type=\"text\/css\">#aio-icon-component-7807.style_4:hover #Info-box-wrap-3219 .ult-just-icon-wrapper .aio-icon{color:#30495e !important} #aio-icon-component-7807.style_4:hover #Info-box-wrap-3219 .ult-just-icon-wrapper .aio-icon, #aio-icon-component-7807.style_4:hover #Info-box-wrap-3219 .ult-just-icon-wrapper .aio-icon-img{background:#ffffff !important} <\/style>');});<\/script>[\/vc_column][\/vc_row][vc_row bg_type=&#8221;image&#8221; parallax_style=&#8221;vcpb-default&#8221; bg_image_new=&#8221;id^11601|url^https:\/\/slimtemplate.net\/adamas-it-import\/wp-content\/uploads\/sites\/17\/2017\/11\/Back-01-IT.png|caption^Back-01-IT|alt^Back-01-IT|title^Back-01-IT|description^Back-01-IT&#8221; bg_override=&#8221;full&#8221; enable_overlay=&#8221;enable_overlay_value&#8221; overlay_color=&#8221;rgba(48,73,94,0.7)&#8221;][vc_column][vc_empty_space height=&#8221;180px&#8221;][vc_custom_heading text=&#8221;<b>Le succ\u00e8s de nos clients &#8211; <mark>notre succ\u00e8s!<\/mark><\/b>&#8221; font_container=&#8221;tag:div|font_size:40|text_align:center|color:%23ffffff|line_height:56px&#8221; use_theme_fonts=&#8221;yes&#8221;][vc_empty_space height=&#8221;40px&#8221;]<div class=\" ubtn-ctn-center \"><a class=\"ubtn-link ult-adjust-bottom-margin ubtn-center ubtn-custom \" href=\"\/fr\/i-nostri-servizi\/\" ><button type=\"button\" id=\"ubtn-8034\"  class=\"ubtn ult-adjust-bottom-margin ult-responsive ubtn-custom ubtn-no-hover-bg  none  ubtn-sep-icon ubtn-sep-icon-left-push  ubtn-center   tooltip-69e6287b353d2\"  data-hover=\"#ffffff\" data-border-color=\"#58a5f0\" data-bg=\"#0097c1\" data-hover-bg=\"#58a5f0\" data-border-hover=\"#58a5f0\" data-shadow-hover=\"\" data-shadow-click=\"none\" data-shadow=\"\" data-shd-shadow=\"\"  data-ultimate-target='#ubtn-8034'  data-responsive-json-new='{\"font-size\":\"desktop:16px;\",\"line-height\":\"\"}'  style=\"font-weight:normal;width:px;min-height:px;padding:10px 20px;border-radius:px;border-width:1px;border-color:#58a5f0;border-style:solid;background: #0097c1;color: #ffffff;\"><span class=\"ubtn-data ubtn-icon\"><i class=\"Defaults-angle-right\" style=\"font-size:24px;color:#ffffff;\"><\/i><\/span><span class=\"ubtn-hover\" style=\"background-color:#58a5f0\"><\/span><span class=\"ubtn-data ubtn-text \" >D\u00e9couvrez les prestations<\/span><\/button><\/a><\/div>[vc_empty_space height=&#8221;150px&#8221;][\/vc_column][\/vc_row]<\/p>\n","protected":false},"excerpt":{"rendered":"<p>[vc_row][vc_column][vc_empty_space height=&#8221;100px&#8221;][\/vc_column][vc_column offset=&#8221;vc_col-lg-7 vc_col-md-8&#8243;][vc_column_text] Tekno Kons Innovations est une entrprise jeune et dynamique op\u00e9rant depuis 2015 principalement dans les secteurs des infrastructures routi\u00e8res et ferroviaires et dans la construction civile&#8230;<\/p>\n","protected":false},"author":2,"featured_media":12935,"parent":0,"menu_order":10,"comment_status":"closed","ping_status":"closed","template":"page-templates\/page-for-composer.php","meta":[],"_links":{"self":[{"href":"https:\/\/www.tkisrl.it\/fr\/wp-json\/wp\/v2\/pages\/13024"}],"collection":[{"href":"https:\/\/www.tkisrl.it\/fr\/wp-json\/wp\/v2\/pages"}],"about":[{"href":"https:\/\/www.tkisrl.it\/fr\/wp-json\/wp\/v2\/types\/page"}],"author":[{"embeddable":true,"href":"https:\/\/www.tkisrl.it\/fr\/wp-json\/wp\/v2\/users\/2"}],"replies":[{"embeddable":true,"href":"https:\/\/www.tkisrl.it\/fr\/wp-json\/wp\/v2\/comments?post=13024"}],"version-history":[{"count":4,"href":"https:\/\/www.tkisrl.it\/fr\/wp-json\/wp\/v2\/pages\/13024\/revisions"}],"predecessor-version":[{"id":13113,"href":"https:\/\/www.tkisrl.it\/fr\/wp-json\/wp\/v2\/pages\/13024\/revisions\/13113"}],"wp:featuredmedia":[{"embeddable":true,"href":"https:\/\/www.tkisrl.it\/fr\/wp-json\/wp\/v2\/media\/12935"}],"wp:attachment":[{"href":"https:\/\/www.tkisrl.it\/fr\/wp-json\/wp\/v2\/media?parent=13024"}],"curies":[{"name":"wp","href":"https:\/\/api.w.org\/{rel}","templated":true}]}}