{"id":13027,"date":"2016-05-04T11:26:11","date_gmt":"2016-05-04T11:26:11","guid":{"rendered":"https:\/\/www.tkisrl.it\/i-nostri-servizi\/"},"modified":"2023-04-17T10:08:38","modified_gmt":"2023-04-17T08:08:38","slug":"i-nostri-servizi","status":"publish","type":"page","link":"https:\/\/www.tkisrl.it\/fr\/i-nostri-servizi\/","title":{"rendered":"Nos services"},"content":{"rendered":"<p>[vc_row equal_height=&#8221;yes&#8221;][vc_column][vc_empty_space height=&#8221;120px&#8221;][vc_custom_heading text=&#8221;<b>Nos services<\/b>&#8221; font_container=&#8221;tag:h2|font_size:40|text_align:center&#8221; use_theme_fonts=&#8221;yes&#8221; custom_heading_enable_elem=&#8221;yes&#8221; elem_type=&#8221;top&#8221;][vc_empty_space height=&#8221;80px&#8221;][\/vc_column][vc_column st_column_responsive_remove_css=&#8221;st-remove-paddings&#8221; offset=&#8221;vc_col-lg-7 vc_col-md-7&#8243;]<div class=\"st-advanced-image \" id=\"st-advanced-single-image-69e621ebcb76f\"><div class=\"st-advanced-image-inner center\" style=\"background-image:url(https:\/\/www.tkisrl.it\/wp-content\/uploads\/2020\/05\/rilievi.jpg);height:483px;width:100%;\"><\/div><\/div>[\/vc_column][vc_column css=&#8221;.vc_custom_1484610747506{padding-left: 20px !important;}&#8221; offset=&#8221;vc_col-lg-5 vc_col-md-5&#8243;][st_product_info product_info_title=&#8221;Arpentage&#8221; product_info_title_color=&#8221;#5b5b5b&#8221; product_info_subtitle_color=&#8221;#999999&#8243; product_info_desc_color=&#8221;#5b5b5b&#8221; product_info_color=&#8221;#0097c1&#8243; product_info_bg_color=&#8221;#f1f0f0&#8243; product_info_content_color=&#8221;#2b2b2b&#8221; product_info_link=&#8221;url:%2Ffr%2Fi-nostri-servizi%2Frilievi%2F|title:En%20savoir%20plus|target:%20_blank|rel:nofollow&#8221;]Le secteur topographique et les acivit\u00e9s d\u2019arpentage de haute pr\u00e9cision ont toujours \u00e9t\u00e9 un point de r\u00e9f\u00e9rence pour Tekno Kons Innovations.[\/st_product_info][\/vc_column][vc_column][vc_empty_space height=&#8221;80px&#8221;][\/vc_column][vc_column css=&#8221;.vc_custom_1484610755519{padding-right: 20px !important;}&#8221; offset=&#8221;vc_col-lg-5 vc_col-md-5&#8243;][st_product_info product_info_align=&#8221;align-right&#8221; product_info_title=&#8221;PROJETS&#8221; product_info_title_color=&#8221;#5b5b5b&#8221; product_info_subtitle_color=&#8221;#999999&#8243; product_info_desc_color=&#8221;#5b5b5b&#8221; product_info_content_color=&#8221;#2b2b2b&#8221; product_info_color=&#8221;#0097c1&#8243; product_info_bg_color=&#8221;#f1f0f0&#8243; product_info_link=&#8221;url:%2Ffr%2Fi-nostri-servizi%2Fprogetti%2F|title:En%20savoir%20plus||&#8221;]La demande continue de m\u00e9thodologies op\u00e9rationnelles visant \u00e0 optimiser le processus de construction a conduit Tekno Kons Innovations \u00e0 d\u00e9velopper, \u00e0 partir de 2016, des proc\u00e9dures de mod\u00e9lisation technologique qui pr\u00e9voient l&#8217;application de l&#8217;approche syst\u00e9mique du BIM &#8211; Building Information Modeling \u00e0 travers une approche de conception int\u00e9gr\u00e9e.[\/st_product_info][\/vc_column][vc_column st_column_responsive_remove_css=&#8221;st-remove-paddings&#8221; offset=&#8221;vc_col-lg-7 vc_col-md-7&#8243;]<div class=\"st-advanced-image \" id=\"st-advanced-single-image-69e621ebcb9e3\"><div class=\"st-advanced-image-inner center\" style=\"background-image:url(https:\/\/www.tkisrl.it\/wp-content\/uploads\/2020\/05\/progetti.jpg);height:507px;width:100%;\"><\/div><\/div>[\/vc_column][vc_column][vc_empty_space height=&#8221;80px&#8221;][\/vc_column][vc_column st_column_responsive_remove_css=&#8221;st-remove-paddings&#8221; offset=&#8221;vc_col-lg-7 vc_col-md-7&#8243;]<div class=\"st-advanced-image \" id=\"st-advanced-single-image-69e621ebcbbc3\"><div class=\"st-advanced-image-inner center\" style=\"background-image:url(https:\/\/www.tkisrl.it\/wp-content\/uploads\/2020\/05\/costruzioni.jpg);height:483px;width:100%;\"><\/div><\/div>[\/vc_column][vc_column css=&#8221;.vc_custom_1484610768283{padding-left: 20px !important;}&#8221; offset=&#8221;vc_col-lg-5 vc_col-md-5&#8243;][st_product_info product_info_title=&#8221;CONSTRUCTIONS&#8221; product_info_title_color=&#8221;#5b5b5b&#8221; product_info_subtitle_color=&#8221;#999999&#8243; product_info_desc_color=&#8221;#5b5b5b&#8221; product_info_content_color=&#8221;#2b2b2b&#8221; product_info_color=&#8221;#0097c1&#8243; product_info_bg_color=&#8221;#f1f0f0&#8243; product_info_link=&#8221;url:%2Ffr%2Fi-nostri-servizi%2Fcostruzioni%2F|title:En%20savoir%20plus||&#8221;]Le processus de construction a toujours \u00e9t\u00e9 au centre de l&#8217;actif de Tekno Kons Innovations.<\/p>\n<p>La mise en \u0153uvre des solutions techniques \u00e9labor\u00e9es gr\u00e2ce \u00e0 l&#8217;utilisation des m\u00e9thodologies BIM dans la conception BIM, d\u00e9rivant d&#8217;une \u00e9tude pr\u00e9cise du territoire obtenue lors de la phase d&#8217;\u00e9tude, est r\u00e9alis\u00e9e par Tekno Kons Innovations \u00e0 travers une gestion num\u00e9ris\u00e9e du processus de construction, dans laquelle les dimensions de temps (4D) et de co\u00fbts (5D) sont int\u00e9gr\u00e9es aux variables spatiales traditionnelles (3D) d\u00e8s la phase de conception.[\/st_product_info][\/vc_column][vc_column][\/vc_column][vc_column][\/vc_column][\/vc_row][vc_row equal_height=&#8221;yes&#8221;][vc_column][\/vc_column][vc_column st_column_responsive_remove_css=&#8221;st-remove-paddings&#8221; offset=&#8221;vc_col-lg-7 vc_col-md-7&#8243;][\/vc_column][vc_column css=&#8221;.vc_custom_1484610747506{padding-left: 20px !important;}&#8221; offset=&#8221;vc_col-lg-5 vc_col-md-5&#8243;][\/vc_column][vc_column][vc_empty_space height=&#8221;80px&#8221;][\/vc_column][vc_column css=&#8221;.vc_custom_1484610755519{padding-right: 20px !important;}&#8221; offset=&#8221;vc_col-lg-5 vc_col-md-5&#8243;][st_product_info product_info_align=&#8221;align-right&#8221; product_info_title=&#8221;ENTRETIEN ET ASSISTANCE TECHNIQUE&#8221; product_info_title_color=&#8221;#5b5b5b&#8221; product_info_subtitle_color=&#8221;#999999&#8243; product_info_desc_color=&#8221;#5b5b5b&#8221; product_info_content_color=&#8221;#2b2b2b&#8221; product_info_color=&#8221;#0097c1&#8243; product_info_bg_color=&#8221;#f1f0f0&#8243; product_info_link=&#8221;url:%2Ffr%2Fi-nostri-servizi%2Fmanutenzione-e-assistenza-tecnica%2F|title:En%20savoir%20plus||&#8221;]Les activit\u00e9s d\u2019entretien et d&#8217;assistance technique professionnelle propos\u00e9es par Tekno Kons Innovations s&#8217;\u00e9tendent aux diff\u00e9rents secteurs civils, de construction et industriels, du g\u00e9nie \u00e9lectrique aux finitions architecturales. Gr\u00e2ce \u00e0 une structure bas\u00e9e sur diff\u00e9rents d\u00e9partements de l&#8217;entreprise, sp\u00e9cifiques \u00e0 chaque activit\u00e9, Tekno Kons Innovations est en mesure d&#8217;offrir des services aux entreprises tels que la gestion de l&#8217;exploitation d&#8217;ouvrages de diff\u00e9rentes natures, le suivi des travaux r\u00e9alis\u00e9s et l\u2019entretien des syst\u00e8mes de l&#8217;usine.[\/st_product_info][\/vc_column][vc_column st_column_responsive_remove_css=&#8221;st-remove-paddings&#8221; offset=&#8221;vc_col-lg-7 vc_col-md-7&#8243;]<div class=\"st-advanced-image \" id=\"st-advanced-single-image-69e621ebcbe16\"><div class=\"st-advanced-image-inner center\" style=\"background-image:url(https:\/\/www.tkisrl.it\/wp-content\/uploads\/2020\/05\/manutenzione-scaled.jpg);height:507px;width:100%;\"><\/div><\/div>[\/vc_column][vc_column][vc_empty_space height=&#8221;80px&#8221;][\/vc_column][vc_column st_column_responsive_remove_css=&#8221;st-remove-paddings&#8221; offset=&#8221;vc_col-lg-7 vc_col-md-7&#8243;]<div class=\"st-advanced-image \" id=\"st-advanced-single-image-69e621ebcc085\"><div class=\"st-advanced-image-inner center\" style=\"background-image:url(https:\/\/www.tkisrl.it\/wp-content\/uploads\/2020\/05\/SERVIZI-FERROVIARI-scaled.jpg);height:483px;width:100%;\"><\/div><\/div>[\/vc_column][vc_column css=&#8221;.vc_custom_1484610768283{padding-left: 20px !important;}&#8221; offset=&#8221;vc_col-lg-5 vc_col-md-5&#8243;][st_product_info product_info_title=&#8221;SERVICES FERROVIAIRES&#8221; product_info_title_color=&#8221;#5b5b5b&#8221; product_info_subtitle_color=&#8221;#999999&#8243; product_info_desc_color=&#8221;#5b5b5b&#8221; product_info_content_color=&#8221;#2b2b2b&#8221; product_info_color=&#8221;#0097c1&#8243; product_info_bg_color=&#8221;#f1f0f0&#8243; product_info_link=&#8221;url:%2Ffr%2Fi-nostri-servizi%2Fservizi-ferroviari%2F|title:En%20savoir%20plus||&#8221;]L&#8217;activit\u00e9 intense men\u00e9e dans le secteur ferroviaire de 2017 \u00e0 2020, a conduit Tekno Kons Innovations \u00e0 \u00e9tendre la gamme de services offerts gr\u00e2ce \u00e0 l&#8217;expansion de sa flotte de machines avec la disponibilit\u00e9 de chariots ferroviaires con\u00e7us et fabriqu\u00e9s pour supporter les principaux processus li\u00e9s \u00e0 la construction , la gestion et la surveillance des r\u00e9seaux ferroviaires, m\u00e9tropolitains et nationaux.[\/st_product_info][\/vc_column][vc_column][\/vc_column][vc_column][\/vc_column][\/vc_row][vc_row equal_height=&#8221;yes&#8221;][vc_column][\/vc_column][vc_column st_column_responsive_remove_css=&#8221;st-remove-paddings&#8221; offset=&#8221;vc_col-lg-7 vc_col-md-7&#8243;][\/vc_column][vc_column css=&#8221;.vc_custom_1484610747506{padding-left: 20px !important;}&#8221; offset=&#8221;vc_col-lg-5 vc_col-md-5&#8243;][\/vc_column][vc_column][vc_empty_space height=&#8221;80px&#8221;][\/vc_column][vc_column css=&#8221;.vc_custom_1484610755519{padding-right: 20px !important;}&#8221; offset=&#8221;vc_col-lg-5 vc_col-md-5&#8243;][st_product_info product_info_align=&#8221;align-right&#8221; product_info_title=&#8221;3D WORKS&#8221; product_info_title_color=&#8221;#5b5b5b&#8221; product_info_subtitle_color=&#8221;#999999&#8243; product_info_desc_color=&#8221;#5b5b5b&#8221; product_info_content_color=&#8221;#2b2b2b&#8221; product_info_color=&#8221;#0097c1&#8243; product_info_bg_color=&#8221;#f1f0f0&#8243; product_info_link=&#8221;url:%2Ffr%2Fi-nostri-servizi%2F3d-works%2F|title:En%20savoir%20plus||&#8221;]La recherche continue de nouvelles solutions d&#8217;ing\u00e9nierie pour la num\u00e9risation de la construction et des processus industriels a conduit Tekno Kons Innovations \u00e0 d\u00e9velopper de nouvelles m\u00e9thodes de fonctionnement capables de r\u00e9pondre aux besoins d&#8217;un march\u00e9 de plus en plus consacr\u00e9 aux Smart Solutions, gr\u00e2ce \u00e0 l&#8217;utilisation de technologies bas\u00e9es sur la consolidation du concept de CIM \u2013 Computer integrated Manufacturing.[\/st_product_info][\/vc_column][vc_column st_column_responsive_remove_css=&#8221;st-remove-paddings&#8221; offset=&#8221;vc_col-lg-7 vc_col-md-7&#8243;]<div class=\"st-advanced-image \" id=\"st-advanced-single-image-69e621ebcc27c\"><div class=\"st-advanced-image-inner center\" style=\"background-image:url(https:\/\/www.tkisrl.it\/wp-content\/uploads\/2020\/05\/3d.jpg);height:507px;width:100%;\"><\/div><\/div>[\/vc_column][vc_column][vc_empty_space height=&#8221;80px&#8221;][\/vc_column][vc_column st_column_responsive_remove_css=&#8221;st-remove-paddings&#8221; offset=&#8221;vc_col-lg-7 vc_col-md-7&#8243;][\/vc_column][vc_column css=&#8221;.vc_custom_1484610768283{padding-left: 20px !important;}&#8221; offset=&#8221;vc_col-lg-5 vc_col-md-5&#8243;][\/vc_column][vc_column][vc_empty_space height=&#8221;100px&#8221;][\/vc_column][vc_column][\/vc_column][\/vc_row]<\/p>\n","protected":false},"excerpt":{"rendered":"<p>[vc_row equal_height=&#8221;yes&#8221;][vc_column][vc_empty_space height=&#8221;120px&#8221;][vc_custom_heading text=&#8221;Nos services&#8221; font_container=&#8221;tag:h2|font_size:40|text_align:center&#8221; use_theme_fonts=&#8221;yes&#8221; custom_heading_enable_elem=&#8221;yes&#8221; elem_type=&#8221;top&#8221;][vc_empty_space height=&#8221;80px&#8221;][\/vc_column][vc_column st_column_responsive_remove_css=&#8221;st-remove-paddings&#8221; offset=&#8221;vc_col-lg-7 vc_col-md-7&#8243;][\/vc_column][vc_column css=&#8221;.vc_custom_1484610747506{padding-left: 20px !important;}&#8221; offset=&#8221;vc_col-lg-5 vc_col-md-5&#8243;][st_product_info product_info_title=&#8221;Arpentage&#8221; product_info_title_color=&#8221;#5b5b5b&#8221; product_info_subtitle_color=&#8221;#999999&#8243; product_info_desc_color=&#8221;#5b5b5b&#8221; product_info_color=&#8221;#0097c1&#8243; product_info_bg_color=&#8221;#f1f0f0&#8243; product_info_content_color=&#8221;#2b2b2b&#8221; product_info_link=&#8221;url:%2Ffr%2Fi-nostri-servizi%2Frilievi%2F|title:En%20savoir%20plus|target:%20_blank|rel:nofollow&#8221;]Le secteur topographique et les&#8230;<\/p>\n","protected":false},"author":2,"featured_media":12927,"parent":0,"menu_order":35,"comment_status":"closed","ping_status":"closed","template":"page-templates\/page-for-composer.php","meta":[],"_links":{"self":[{"href":"https:\/\/www.tkisrl.it\/fr\/wp-json\/wp\/v2\/pages\/13027"}],"collection":[{"href":"https:\/\/www.tkisrl.it\/fr\/wp-json\/wp\/v2\/pages"}],"about":[{"href":"https:\/\/www.tkisrl.it\/fr\/wp-json\/wp\/v2\/types\/page"}],"author":[{"embeddable":true,"href":"https:\/\/www.tkisrl.it\/fr\/wp-json\/wp\/v2\/users\/2"}],"replies":[{"embeddable":true,"href":"https:\/\/www.tkisrl.it\/fr\/wp-json\/wp\/v2\/comments?post=13027"}],"version-history":[{"count":4,"href":"https:\/\/www.tkisrl.it\/fr\/wp-json\/wp\/v2\/pages\/13027\/revisions"}],"predecessor-version":[{"id":13111,"href":"https:\/\/www.tkisrl.it\/fr\/wp-json\/wp\/v2\/pages\/13027\/revisions\/13111"}],"wp:featuredmedia":[{"embeddable":true,"href":"https:\/\/www.tkisrl.it\/fr\/wp-json\/wp\/v2\/media\/12927"}],"wp:attachment":[{"href":"https:\/\/www.tkisrl.it\/fr\/wp-json\/wp\/v2\/media?parent=13027"}],"curies":[{"name":"wp","href":"https:\/\/api.w.org\/{rel}","templated":true}]}}