{"id":13030,"date":"2016-10-05T11:13:30","date_gmt":"2016-10-05T11:13:30","guid":{"rendered":"https:\/\/www.tkisrl.it\/i-nostri-servizi\/rilievi\/"},"modified":"2023-04-17T10:08:38","modified_gmt":"2023-04-17T08:08:38","slug":"rilievi","status":"publish","type":"page","link":"https:\/\/www.tkisrl.it\/fr\/i-nostri-servizi\/rilievi\/","title":{"rendered":"Arpentage"},"content":{"rendered":"<p>[vc_row][vc_column][vc_empty_space height=&#8221;80px&#8221;][\/vc_column][\/vc_row][vc_row equal_height=&#8221;yes&#8221;][vc_column st_column_responsive_remove_css=&#8221;st-remove-paddings&#8221; css=&#8221;.vc_custom_1484603428916{padding-right: 80px !important;padding-left: 80px !important;background-color: #f2f2f2 !important;}&#8221; offset=&#8221;vc_col-lg-6 vc_col-md-6&#8243;][vc_empty_space height=&#8221;75px&#8221;]<div id=\"ultimate-heading-776869e624a23b9f9\" class=\"uvc-heading ult-adjust-bottom-margin ultimate-heading-776869e624a23b9f9 uvc-7688  enable-elem side h2\" data-hspacer=\"no_spacer\"  data-halign=\"left\" style=\"text-align:left;\"><i class=\"st-h-before\"><i><\/i><\/i><div class=\"uvc-heading-spacer no_spacer\" style=\"top\"><\/div><div class=\"uvc-main-heading ult-responsive\"  data-ultimate-target='.uvc-heading.ultimate-heading-776869e624a23b9f9 h2'  data-responsive-json-new='{\"font-size\":\"desktop:32px;\",\"line-height\":\"\"}' ><h2 style=\"font-weight:bold;\">ARPENTAGE <\/h2><\/div><\/div>[vc_empty_space height=&#8221;40px&#8221;][vc_column_text]Le secteur topographique et les acivit\u00e9s d\u2019arpentage de haute pr\u00e9cision ont toujours \u00e9t\u00e9 un point de r\u00e9f\u00e9rence pour Tekno Kons Innovations.<\/p>\n<p>Depuis le tout d\u00e9but de son activit\u00e9 professionnelle, Tekno Kons Innovations a bas\u00e9 son travail sur des relev\u00e9s (arpentage) avec des stations totales de haute pr\u00e9cision ; gr\u00e0ce\u00a0 \u00e0 l\u2019adoption d\u2019instruments dedi\u00e9s\u00a0 qui permettent des mesures pr\u00e9cises et detaill\u00e9es de la voie ferr\u00e9e et de l\u2019\u00e9cartement sur une base absolue, au fil des ann\u00e9es, l\u2019entreprise a mis en oeuvre de mani\u00e8re de plus en plus coh\u00e9rente <strong>\u00a0<\/strong>le d\u00e8veloppement de solutions de pointe dans le secteur, devenant une v\u00e8ritable reference dans le domaine de la topographie ferroviaire.[\/vc_column_text][vc_empty_space height=&#8221;55px&#8221;][\/vc_column][vc_column css=&#8221;.vc_custom_1592823382540{background-image: url(https:\/\/www.tkisrl.it\/wp-content\/uploads\/2020\/06\/topografia-guida-topografica-unione-geometri.jpg?id=12101) !important;background-position: center !important;background-repeat: no-repeat !important;background-size: cover !important;}&#8221; offset=&#8221;vc_col-lg-6 vc_col-md-6 vc_hidden-sm vc_hidden-xs&#8221;][\/vc_column][\/vc_row][vc_row equal_height=&#8221;yes&#8221;][vc_column st_column_responsive_remove_css=&#8221;st-remove-paddings&#8221; css=&#8221;.vc_custom_1592825419924{padding-right: 80px !important;padding-left: 80px !important;background: #f2f2f2 url(https:\/\/www.tkisrl.it\/wp-content\/uploads\/2020\/06\/Geodaetisches_Vormessen-1.jpg?id=12117) !important;background-position: center !important;background-repeat: no-repeat !important;background-size: cover !important;}&#8221; offset=&#8221;vc_col-lg-6 vc_col-md-6&#8243;][\/vc_column][vc_column css=&#8221;.vc_custom_1589989378914{padding-right: 80px !important;padding-left: 80px !important;background-color: #f2f2f2 !important;background-position: center !important;background-repeat: no-repeat !important;background-size: cover !important;}&#8221; offset=&#8221;vc_col-lg-6 vc_col-md-6 vc_hidden-sm vc_hidden-xs&#8221;][vc_empty_space height=&#8221;75px&#8221;][vc_empty_space height=&#8221;40px&#8221;][vc_column_text]Pour les relev\u00e9s topographiques traditionnels, TKI dispose dans son parc d\u2019instruments des supports technologiques suivants:<\/p>\n<ul>\n<li>N.2 Stations Totales Automatiques Leica TS30<\/li>\n<li>N.1 Station Totale Robotis\u00e9e Trimble S9 HP 0,5\u2019<\/li>\n<li>N.1 Station Totale Robotis\u00e9e Trimble S9 HP 1.0\u2019<\/li>\n<li>N.1 Chariot Ferroviaire Trimble GEDO CE 2.0 pour l\u2019\u00e8tude de la superstructure ferroviaire<\/li>\n<li>N.1 Niveau Num\u00e9rique Trimble DiNi<\/li>\n<li>N.4 GPS Trimble R8s<\/li>\n<li>N.2 GPS Leica SR 530.<\/li>\n<\/ul>\n<p>[\/vc_column_text][vc_empty_space height=&#8221;55px&#8221;][\/vc_column][\/vc_row][vc_row equal_height=&#8221;yes&#8221;][vc_column st_column_responsive_remove_css=&#8221;st-remove-paddings&#8221; css=&#8221;.vc_custom_1484603428916{padding-right: 80px !important;padding-left: 80px !important;background-color: #f2f2f2 !important;}&#8221; offset=&#8221;vc_col-lg-6 vc_col-md-6&#8243;][vc_empty_space height=&#8221;75px&#8221;][vc_column_text]Au cours des derni\u00e8res ann\u00e9es, l\u2019entreprise a progressivement adopt\u00e8 des m\u00e9thodologies de topographie laser scanner avec traitement de nuages de points dans un environnement BIM, qui peuvent servir de base \u00e0 la conception d\u2019ouvrages existants ou nouveaux.<br \/>\nLes mesures par balayage laser, en effet, gr\u00e0ce \u00e0 l\u2019interface directe avec le GPS permet le geocodage en 3D, il est ainsi possible de r\u00e9aliser des mesures d\u00e8taill\u00e9es qui peuvent \u00e8tre utilis\u00e9es pour la cr\u00e9ation de courbes de niveau, mesures de volumes, le calcul de sections ou la conception et l\u2019 adaptation d\u2019ouvrages existants.<br \/>\nLes outils disponibles pour l\u2019arpentage 3D sont:<\/p>\n<ul>\n<li>N.1 Laser Scanner FARO S120 Automation;<\/li>\n<li>N.1 Laser Scanner FARO S70 Automation;<\/li>\n<\/ul>\n<p>[\/vc_column_text][vc_empty_space height=&#8221;55px&#8221;][\/vc_column][vc_column css=&#8221;.vc_custom_1592825460671{background-image: url(https:\/\/www.tkisrl.it\/wp-content\/uploads\/2020\/06\/image.jpeg?id=12118) !important;background-position: center !important;background-repeat: no-repeat !important;background-size: cover !important;}&#8221; offset=&#8221;vc_col-lg-6 vc_col-md-6 vc_hidden-sm vc_hidden-xs&#8221;][\/vc_column][\/vc_row][vc_row equal_height=&#8221;yes&#8221;][vc_column st_column_responsive_remove_css=&#8221;st-remove-paddings&#8221; css=&#8221;.vc_custom_1592825508714{padding-right: 80px !important;padding-left: 80px !important;background: #f2f2f2 url(https:\/\/www.tkisrl.it\/wp-content\/uploads\/2020\/06\/image2-1.jpeg?id=12119) !important;background-position: center !important;background-repeat: no-repeat !important;background-size: cover !important;}&#8221; offset=&#8221;vc_col-lg-6 vc_col-md-6&#8243;][\/vc_column][vc_column css=&#8221;.vc_custom_1589989378914{padding-right: 80px !important;padding-left: 80px !important;background-color: #f2f2f2 !important;background-position: center !important;background-repeat: no-repeat !important;background-size: cover !important;}&#8221; offset=&#8221;vc_col-lg-6 vc_col-md-6 vc_hidden-sm vc_hidden-xs&#8221;][vc_empty_space height=&#8221;75px&#8221;][vc_empty_space height=&#8221;40px&#8221;][vc_column_text]Le r\u00e8sultat d\u2019une op\u00e9ration d\u2019enqu\u00e8te minutieuse et d\u00e8taill\u00e9e represente le point de d\u00e8part optimal pour une bonne conception, qui en aucun cas, ne peut \u00e8tre s\u00e9par\u00e9e d\u2019une connaissance approffondie du contexte de r\u00e8f\u00e9rence, le transformant en un produit efficace et \u00e9co-durable , objectif principal de la conception integr\u00e9e.<\/p>\n<p>Dans ce contexte, Tekno Kons Innovations a anticip\u00e9 les temps, s\u2019imposant comme l\u2019un des pr\u00e8curseurs du secteur capable de d\u00e8velopper un processus complet pr\u00e9paratoire \u00e0 la planification d\u2019une intervention sur le territoire pour la r\u00e9alisation d\u2019ouvrages complexes.<\/p>\n<p>Quelques unes de nos r\u00e8alisations:<\/p>\n<ul>\n<li>Assistance, arpentage et AFS pour le m\u00e9tro de Thessalonique.<\/li>\n<li>Support et reliefs Alifana: troncon Piscinola-Capodichino.<\/li>\n<li>Assistance, relev\u00e9s et suivi pour le creusement du tunnel de Monte Olibano (Pozzuoli)<\/li>\n<li>Support, relev\u00e8s et AFS M\u00e9tro Milano M4<\/li>\n<\/ul>\n<p>[\/vc_column_text][vc_empty_space height=&#8221;55px&#8221;][\/vc_column][\/vc_row][vc_row][vc_column][vc_empty_space height=&#8221;80px&#8221;][\/vc_column][\/vc_row]<\/p>\n","protected":false},"excerpt":{"rendered":"<p>[vc_row][vc_column][vc_empty_space height=&#8221;80px&#8221;][\/vc_column][\/vc_row][vc_row equal_height=&#8221;yes&#8221;][vc_column st_column_responsive_remove_css=&#8221;st-remove-paddings&#8221; css=&#8221;.vc_custom_1484603428916{padding-right: 80px !important;padding-left: 80px !important;background-color: #f2f2f2 !important;}&#8221; offset=&#8221;vc_col-lg-6 vc_col-md-6&#8243;][vc_empty_space height=&#8221;75px&#8221;][vc_empty_space height=&#8221;40px&#8221;][vc_column_text]Le secteur topographique et les acivit\u00e9s d\u2019arpentage de haute pr\u00e9cision ont toujours \u00e9t\u00e9 un point de&#8230;<\/p>\n","protected":false},"author":2,"featured_media":12927,"parent":13027,"menu_order":23,"comment_status":"closed","ping_status":"closed","template":"page-templates\/page-for-composer.php","meta":[],"_links":{"self":[{"href":"https:\/\/www.tkisrl.it\/fr\/wp-json\/wp\/v2\/pages\/13030"}],"collection":[{"href":"https:\/\/www.tkisrl.it\/fr\/wp-json\/wp\/v2\/pages"}],"about":[{"href":"https:\/\/www.tkisrl.it\/fr\/wp-json\/wp\/v2\/types\/page"}],"author":[{"embeddable":true,"href":"https:\/\/www.tkisrl.it\/fr\/wp-json\/wp\/v2\/users\/2"}],"replies":[{"embeddable":true,"href":"https:\/\/www.tkisrl.it\/fr\/wp-json\/wp\/v2\/comments?post=13030"}],"version-history":[{"count":2,"href":"https:\/\/www.tkisrl.it\/fr\/wp-json\/wp\/v2\/pages\/13030\/revisions"}],"predecessor-version":[{"id":13031,"href":"https:\/\/www.tkisrl.it\/fr\/wp-json\/wp\/v2\/pages\/13030\/revisions\/13031"}],"up":[{"embeddable":true,"href":"https:\/\/www.tkisrl.it\/fr\/wp-json\/wp\/v2\/pages\/13027"}],"wp:featuredmedia":[{"embeddable":true,"href":"https:\/\/www.tkisrl.it\/fr\/wp-json\/wp\/v2\/media\/12927"}],"wp:attachment":[{"href":"https:\/\/www.tkisrl.it\/fr\/wp-json\/wp\/v2\/media?parent=13030"}],"curies":[{"name":"wp","href":"https:\/\/api.w.org\/{rel}","templated":true}]}}