{"id":13036,"date":"2022-06-20T17:24:26","date_gmt":"2022-06-20T15:24:26","guid":{"rendered":"https:\/\/www.tkisrl.it\/certificazioni\/"},"modified":"2023-04-17T10:10:09","modified_gmt":"2023-04-17T08:10:09","slug":"certificazioni","status":"publish","type":"page","link":"https:\/\/www.tkisrl.it\/fr\/certificazioni\/","title":{"rendered":"Certifications"},"content":{"rendered":"<p>[vc_row][vc_column][vc_empty_space height=&#8221;60px&#8221;][vc_column_text]Le syst\u00e8me de gestion de la qualit\u00e9 de l&#8217;entreprise repr\u00e9sente pour Tekno Kons Innovations l&#8217;un des points strat\u00e9giques de sa politique : c&#8217;est l&#8217;\u00e9l\u00e9ment essentiel de chaque projet, le premier principe qui guide tous nos professionnels.<\/p>\n<p>&nbsp;<\/p>\n<p>Op\u00e9rant selon les normes internationales requises par la r\u00e9glementation en vigueur et adoptant le syst\u00e8me interne de gestion de la qualit\u00e9 UNI EN ISO 9001: 2015, l&#8217;entreprise garantit l&#8217;atteinte et le maintien de niveaux \u00e9lev\u00e9s de performance des services offerts.<\/p>\n<p>Cet engagement, qui \u00e9volue et se renouvelle de jour en jour, est garanti par la contribution de toutes les personnes qui travaillent dans les diff\u00e9rents services op\u00e9rationnels et est constamment soumis \u00e0 des contr\u00f4les et v\u00e9rifications afin qu&#8217;un outil d&#8217;am\u00e9lioration efficace soit toujours maintenu au profit de ses clients.<\/p>\n<p>Tekno Kons Innovations attache une grande importance \u00e0 la sauvegarde des aspects li\u00e9s \u00e0 la s\u00e9curit\u00e9 sur le lieu de travail et \u00e0 l&#8217;environnement, c&#8217;est pourquoi elle a entam\u00e9 les proc\u00e9dures de qualification au syst\u00e8me de gestion de l&#8217;environnement ISO 14001\u00a0: 2015 et au syst\u00e8me de gestion de la s\u00e9curit\u00e9 au travail. ISO 45001\u00a0: 2018 (anciennement OHSAS 18001 : 2007), qui repr\u00e9sentent l&#8217;objectif futur pour atteindre la qualification de Syst\u00e8me Int\u00e9gr\u00e9.<\/p>\n<p>&nbsp;<\/p>\n<p style=\"text-align: center;\"><strong style=\"color: #405666; font-size: 20px;\">D\u00e9couvrez nos certifications<\/strong><\/p>\n<p>[\/vc_column_text][\/vc_column][\/vc_row][vc_row][vc_column width=&#8221;1\/3&#8243;][vc_single_image image=&#8221;13101&#8243; img_size=&#8221;full&#8221; alignment=&#8221;center&#8221; style=&#8221;vc_box_shadow&#8221; onclick=&#8221;custom_link&#8221; link=&#8221;https:\/\/www.tkisrl.it\/wp-content\/uploads\/2022\/11\/Certificate-IT318541_TEKNO-KONS-INNOVATION-SRL-ISO-9001-REV1.pdf&#8221;][\/vc_column][vc_column width=&#8221;1\/3&#8243; css=&#8221;.vc_custom_1669047918578{padding-right: 20px !important;padding-left: 20px !important;}&#8221;][vc_single_image image=&#8221;12826&#8243; img_size=&#8221;full&#8221; alignment=&#8221;center&#8221; style=&#8221;vc_box_shadow&#8221; onclick=&#8221;custom_link&#8221; link=&#8221;https:\/\/www.tkisrl.it\/wp-content\/uploads\/2022\/11\/Certificate-IT318029_TEKNO-KONS-INNOVATION-SRL-ISO-45001-REV1-ITA.pdf&#8221;][\/vc_column][vc_column width=&#8221;1\/3&#8243; css=&#8221;.vc_custom_1669048001086{padding-right: 20px !important;padding-left: 20px !important;}&#8221;][vc_single_image image=&#8221;13093&#8243; img_size=&#8221;full&#8221; alignment=&#8221;center&#8221; style=&#8221;vc_box_shadow&#8221; onclick=&#8221;custom_link&#8221; link=&#8221;https:\/\/www.tkisrl.it\/wp-content\/uploads\/2023\/04\/Certificate-IT318967_TEKNO-KONS-INNOVATION-SRL-ISO-14001-REV1.pdf&#8221;][\/vc_column][\/vc_row][vc_row][vc_column][vc_empty_space height=&#8221;60px&#8221;][\/vc_column][\/vc_row]<\/p>\n","protected":false},"excerpt":{"rendered":"<p>[vc_row][vc_column][vc_empty_space height=&#8221;60px&#8221;][vc_column_text]Le syst\u00e8me de gestion de la qualit\u00e9 de l&#8217;entreprise repr\u00e9sente pour Tekno Kons Innovations l&#8217;un des points strat\u00e9giques de sa politique : c&#8217;est l&#8217;\u00e9l\u00e9ment essentiel de chaque projet, le&#8230;<\/p>\n","protected":false},"author":1,"featured_media":12946,"parent":0,"menu_order":49,"comment_status":"closed","ping_status":"closed","template":"page-templates\/page-for-composer.php","meta":[],"_links":{"self":[{"href":"https:\/\/www.tkisrl.it\/fr\/wp-json\/wp\/v2\/pages\/13036"}],"collection":[{"href":"https:\/\/www.tkisrl.it\/fr\/wp-json\/wp\/v2\/pages"}],"about":[{"href":"https:\/\/www.tkisrl.it\/fr\/wp-json\/wp\/v2\/types\/page"}],"author":[{"embeddable":true,"href":"https:\/\/www.tkisrl.it\/fr\/wp-json\/wp\/v2\/users\/1"}],"replies":[{"embeddable":true,"href":"https:\/\/www.tkisrl.it\/fr\/wp-json\/wp\/v2\/comments?post=13036"}],"version-history":[{"count":4,"href":"https:\/\/www.tkisrl.it\/fr\/wp-json\/wp\/v2\/pages\/13036\/revisions"}],"predecessor-version":[{"id":13137,"href":"https:\/\/www.tkisrl.it\/fr\/wp-json\/wp\/v2\/pages\/13036\/revisions\/13137"}],"wp:featuredmedia":[{"embeddable":true,"href":"https:\/\/www.tkisrl.it\/fr\/wp-json\/wp\/v2\/media\/12946"}],"wp:attachment":[{"href":"https:\/\/www.tkisrl.it\/fr\/wp-json\/wp\/v2\/media?parent=13036"}],"curies":[{"name":"wp","href":"https:\/\/api.w.org\/{rel}","templated":true}]}}