{"id":13057,"date":"2020-05-20T18:10:30","date_gmt":"2020-05-20T16:10:30","guid":{"rendered":"https:\/\/www.tkisrl.it\/i-nostri-servizi\/costruzioni\/"},"modified":"2023-04-17T10:08:38","modified_gmt":"2023-04-17T08:08:38","slug":"costruzioni","status":"publish","type":"page","link":"https:\/\/www.tkisrl.it\/fr\/i-nostri-servizi\/costruzioni\/","title":{"rendered":"CONSTRUCTIONS"},"content":{"rendered":"<p>[vc_row][vc_column][vc_empty_space height=&#8221;80px&#8221;][\/vc_column][\/vc_row][vc_row equal_height=&#8221;yes&#8221;][vc_column st_column_responsive_remove_css=&#8221;st-remove-paddings&#8221; css=&#8221;.vc_custom_1484603428916{padding-right: 80px !important;padding-left: 80px !important;background-color: #f2f2f2 !important;}&#8221; offset=&#8221;vc_col-lg-6 vc_col-md-6&#8243;][vc_empty_space height=&#8221;75px&#8221;]<div id=\"ultimate-heading-822069e6287b8ec24\" class=\"uvc-heading ult-adjust-bottom-margin ultimate-heading-822069e6287b8ec24 uvc-7353  enable-elem side h2\" data-hspacer=\"no_spacer\"  data-halign=\"left\" style=\"text-align:left;\"><i class=\"st-h-before\"><i><\/i><\/i><div class=\"uvc-heading-spacer no_spacer\" style=\"top\"><\/div><div class=\"uvc-main-heading ult-responsive\"  data-ultimate-target='.uvc-heading.ultimate-heading-822069e6287b8ec24 h2'  data-responsive-json-new='{\"font-size\":\"desktop:32px;\",\"line-height\":\"\"}' ><h2 style=\"font-weight:bold;\">CONSTRUCTIONS<\/h2><\/div><\/div>[vc_empty_space height=&#8221;40px&#8221;][vc_column_text]Le processus de construction a toujours \u00e9t\u00e9 au centre de l&#8217;actif de Tekno Kons Innovations.<\/p>\n<p>La mise en \u0153uvre des solutions techniques \u00e9labor\u00e9es gr\u00e2ce \u00e0 l&#8217;utilisation des m\u00e9thodologies BIM dans la conception BIM, d\u00e9rivant d&#8217;une \u00e9tude pr\u00e9cise du territoire obtenue lors de la phase d&#8217;\u00e9tude, est r\u00e9alis\u00e9e par Tekno Kons Innovations \u00e0 travers une gestion num\u00e9ris\u00e9e du processus de construction, dans laquelle les dimensions de temps (4D) et de co\u00fbts (5D) sont int\u00e9gr\u00e9es aux variables spatiales traditionnelles (3D) d\u00e8s la phase de conception.<\/p>\n<p>Les op\u00e9rations de chantier se traduisent donc par l&#8217;ex\u00e9cution et la mise en \u0153uvre de ce qui y a \u00e9t\u00e9 \u00e9labor\u00e9 dans<\/p>\n<p>le mod\u00e8le 5D, dans lequel les variations et \u00e9ventuels impr\u00e9vus dans la construction de l&#8217;ouvrage sont minimis\u00e9s et g\u00e9r\u00e9s en amont du processus de construction.[\/vc_column_text][vc_empty_space height=&#8221;55px&#8221;][\/vc_column][vc_column css=&#8221;.vc_custom_1590073618224{background-image: url(https:\/\/www.tkisrl.it\/wp-content\/uploads\/2020\/05\/3246-min.jpg?id=11970) !important;background-position: center !important;background-repeat: no-repeat !important;background-size: cover !important;}&#8221; offset=&#8221;vc_col-lg-6 vc_col-md-6 vc_hidden-sm vc_hidden-xs&#8221;][\/vc_column][\/vc_row][vc_row equal_height=&#8221;yes&#8221;][vc_column st_column_responsive_remove_css=&#8221;st-remove-paddings&#8221; css=&#8221;.vc_custom_1590073624544{padding-right: 80px !important;padding-left: 80px !important;background: #f2f2f2 url(https:\/\/www.tkisrl.it\/wp-content\/uploads\/2020\/05\/2l-Image-35.jpg?id=11968) !important;background-position: center !important;background-repeat: no-repeat !important;background-size: cover !important;}&#8221; offset=&#8221;vc_col-lg-6 vc_col-md-6&#8243;][\/vc_column][vc_column css=&#8221;.vc_custom_1589989378914{padding-right: 80px !important;padding-left: 80px !important;background-color: #f2f2f2 !important;background-position: center !important;background-repeat: no-repeat !important;background-size: cover !important;}&#8221; offset=&#8221;vc_col-lg-6 vc_col-md-6 vc_hidden-sm vc_hidden-xs&#8221;][vc_empty_space height=&#8221;75px&#8221;][vc_empty_space height=&#8221;40px&#8221;][vc_column_text]L&#8217;exp\u00e9rience acquise sur les chantiers de construction dans certaines des principales villes europ\u00e9ennes garantit un haut niveau de professionnalisme, de comp\u00e9tence et d&#8217;adaptabilit\u00e9 dans l&#8217;ex\u00e9cution des travaux confi\u00e9s, en respectant pleinement les d\u00e9lais d&#8217;ex\u00e9cution pr\u00e9vus, en garantissant des normes \u00e9lev\u00e9es de qualit\u00e9, de s\u00e9curit\u00e9 et d&#8217;attention aux questions environnementales.<\/p>\n<p>La gestion de chantiers complexes de grandes infrastructures strat\u00e9giques n\u00e9cessite une organisation globale du travail bien structur\u00e9e, dans laquelle chaque phase n\u00e9cessite la contribution et l&#8217;encadrement de diff\u00e9rentes figures professionnelles. Pour cette raison, Tekno Kons Innovations dispose d&#8217;une \u00e9quipe de professionnels experts et de techniciens sp\u00e9cialis\u00e9s constamment mis \u00e0 jour qui travaillent sous la supervision constante de techniciens sp\u00e9cialis\u00e9s dans le secteur qui sont constamment mis \u00e0 jour.[\/vc_column_text][vc_empty_space height=&#8221;55px&#8221;][\/vc_column][\/vc_row][vc_row equal_height=&#8221;yes&#8221;][vc_column st_column_responsive_remove_css=&#8221;st-remove-paddings&#8221; css=&#8221;.vc_custom_1484603428916{padding-right: 80px !important;padding-left: 80px !important;background-color: #f2f2f2 !important;}&#8221; offset=&#8221;vc_col-lg-6 vc_col-md-6&#8243;][vc_empty_space height=&#8221;75px&#8221;][vc_column_text]Tekno Kons Innovations, au cours des derni\u00e8res ann\u00e9es, a particip\u00e9 activement \u00e0 la construction des sous-stations de la ligne M4 \u00e0 Milan, \u00e0 travers des installations Balises et PAB.[\/vc_column_text][vc_empty_space height=&#8221;55px&#8221;][\/vc_column][vc_column css=&#8221;.vc_custom_1590073301959{background-image: url(https:\/\/www.tkisrl.it\/wp-content\/uploads\/2020\/05\/claudia-soraya-13MzGKuJYSw-unsplash-min.jpg?id=11971) !important;background-position: center !important;background-repeat: no-repeat !important;background-size: cover !important;}&#8221; offset=&#8221;vc_col-lg-6 vc_col-md-6 vc_hidden-sm vc_hidden-xs&#8221;][\/vc_column][\/vc_row][vc_row][vc_column][vc_empty_space height=&#8221;80px&#8221;][\/vc_column][\/vc_row]<\/p>\n","protected":false},"excerpt":{"rendered":"<p>[vc_row][vc_column][vc_empty_space height=&#8221;80px&#8221;][\/vc_column][\/vc_row][vc_row equal_height=&#8221;yes&#8221;][vc_column st_column_responsive_remove_css=&#8221;st-remove-paddings&#8221; css=&#8221;.vc_custom_1484603428916{padding-right: 80px !important;padding-left: 80px !important;background-color: #f2f2f2 !important;}&#8221; offset=&#8221;vc_col-lg-6 vc_col-md-6&#8243;][vc_empty_space height=&#8221;75px&#8221;][vc_empty_space height=&#8221;40px&#8221;][vc_column_text]Le processus de construction a toujours \u00e9t\u00e9 au centre de l&#8217;actif de Tekno Kons Innovations. La&#8230;<\/p>\n","protected":false},"author":1,"featured_media":12927,"parent":13027,"menu_order":23,"comment_status":"closed","ping_status":"closed","template":"page-templates\/page-for-composer.php","meta":[],"_links":{"self":[{"href":"https:\/\/www.tkisrl.it\/fr\/wp-json\/wp\/v2\/pages\/13057"}],"collection":[{"href":"https:\/\/www.tkisrl.it\/fr\/wp-json\/wp\/v2\/pages"}],"about":[{"href":"https:\/\/www.tkisrl.it\/fr\/wp-json\/wp\/v2\/types\/page"}],"author":[{"embeddable":true,"href":"https:\/\/www.tkisrl.it\/fr\/wp-json\/wp\/v2\/users\/1"}],"replies":[{"embeddable":true,"href":"https:\/\/www.tkisrl.it\/fr\/wp-json\/wp\/v2\/comments?post=13057"}],"version-history":[{"count":3,"href":"https:\/\/www.tkisrl.it\/fr\/wp-json\/wp\/v2\/pages\/13057\/revisions"}],"predecessor-version":[{"id":13060,"href":"https:\/\/www.tkisrl.it\/fr\/wp-json\/wp\/v2\/pages\/13057\/revisions\/13060"}],"up":[{"embeddable":true,"href":"https:\/\/www.tkisrl.it\/fr\/wp-json\/wp\/v2\/pages\/13027"}],"wp:featuredmedia":[{"embeddable":true,"href":"https:\/\/www.tkisrl.it\/fr\/wp-json\/wp\/v2\/media\/12927"}],"wp:attachment":[{"href":"https:\/\/www.tkisrl.it\/fr\/wp-json\/wp\/v2\/media?parent=13057"}],"curies":[{"name":"wp","href":"https:\/\/api.w.org\/{rel}","templated":true}]}}