{"id":13061,"date":"2020-05-20T18:12:30","date_gmt":"2020-05-20T16:12:30","guid":{"rendered":"https:\/\/www.tkisrl.it\/i-nostri-servizi\/manutenzione-e-assistenza-tecnica\/"},"modified":"2023-04-17T10:08:38","modified_gmt":"2023-04-17T08:08:38","slug":"manutenzione-e-assistenza-tecnica","status":"publish","type":"page","link":"https:\/\/www.tkisrl.it\/fr\/i-nostri-servizi\/manutenzione-e-assistenza-tecnica\/","title":{"rendered":"ENTRETIEN ET ASSISTANCE TECHNIQUE"},"content":{"rendered":"<p>[vc_row][vc_column][vc_empty_space height=&#8221;80px&#8221;][\/vc_column][\/vc_row][vc_row equal_height=&#8221;yes&#8221;][vc_column st_column_responsive_remove_css=&#8221;st-remove-paddings&#8221; css=&#8221;.vc_custom_1484603428916{padding-right: 80px !important;padding-left: 80px !important;background-color: #f2f2f2 !important;}&#8221; offset=&#8221;vc_col-lg-6 vc_col-md-6&#8243;][vc_empty_space height=&#8221;75px&#8221;]<div id=\"ultimate-heading-660169e6287659423\" class=\"uvc-heading ult-adjust-bottom-margin ultimate-heading-660169e6287659423 uvc-1064  enable-elem side h2\" data-hspacer=\"no_spacer\"  data-halign=\"left\" style=\"text-align:left;\"><i class=\"st-h-before\"><i><\/i><\/i><div class=\"uvc-heading-spacer no_spacer\" style=\"top\"><\/div><div class=\"uvc-main-heading ult-responsive\"  data-ultimate-target='.uvc-heading.ultimate-heading-660169e6287659423 h2'  data-responsive-json-new='{\"font-size\":\"desktop:32px;\",\"line-height\":\"\"}' ><h2 style=\"font-weight:bold;\">ENTRETIEN ET ASSISTANCE TECHNIQUE<\/h2><\/div><\/div>[vc_empty_space height=&#8221;40px&#8221;][vc_column_text]Les activit\u00e9s d\u2019entretien et d&#8217;assistance technique professionnelle propos\u00e9es par Tekno Kons Innovations s&#8217;\u00e9tendent aux diff\u00e9rents secteurs civils, de construction et industriels, du g\u00e9nie \u00e9lectrique aux finitions architecturales. Gr\u00e2ce \u00e0 une structure bas\u00e9e sur diff\u00e9rents services de l&#8217;entreprise, sp\u00e9cifiques \u00e0 chaque activit\u00e9, TKI est en mesure d&#8217;offrir des services aux entreprises tels que la gestion de l&#8217;exploitation de diff\u00e9rents types d&#8217;ouvrages, le suivi des travaux r\u00e9alis\u00e9s et la maintenance des syst\u00e8mes d\u2019installation.<\/p>\n<p>Le caract\u00e8re polytechnique du profil de l&#8217;entreprise est mis en valeur pr\u00e9cis\u00e9ment dans la d\u00e9termination du contexte technologique dans lequel les comp\u00e9tences du technicien de maintenance sont appliqu\u00e9es, par rapport \u00e0 la grande vari\u00e9t\u00e9 de cas, puisque l&#8217;organisation du travail, l&#8217;application de la r\u00e9glementation, la gestion des services et les fonctions connexes, tout en suivant des proc\u00e9dures similaires, mobilisent \u00e9norm\u00e9ment de connaissances techniques diff\u00e9renci\u00e9es, \u00e9galement en termes de responsabilit\u00e9 professionnelle.<\/p>\n<p>La capacit\u00e9 \u00e0 intervenir sur des syst\u00e8mes complexes (qu&#8217;il s&#8217;agisse d&#8217;ouvrages, d&#8217;usines ou de v\u00e9hicules) est garantie par une formation constante, en classe et sur le terrain, confi\u00e9e \u00e0 des m\u00e9thodologies actives qui couvrent les nombreux aspects li\u00e9s \u00e0 la maintenance (diagnostic, analyse des pannes et de ses causes, modalit\u00e9s de manifestation, r\u00e9paration).[\/vc_column_text][vc_empty_space height=&#8221;55px&#8221;][\/vc_column][vc_column css=&#8221;.vc_custom_1590079183632{background-image: url(https:\/\/www.tkisrl.it\/wp-content\/uploads\/2020\/05\/image1-min.jpeg?id=11994) !important;background-position: center !important;background-repeat: no-repeat !important;background-size: cover !important;}&#8221; offset=&#8221;vc_col-lg-6 vc_col-md-6 vc_hidden-sm vc_hidden-xs&#8221;][\/vc_column][\/vc_row][vc_row equal_height=&#8221;yes&#8221;][vc_column st_column_responsive_remove_css=&#8221;st-remove-paddings&#8221; css=&#8221;.vc_custom_1590079218102{padding-right: 80px !important;padding-left: 80px !important;background: #f2f2f2 url(https:\/\/www.tkisrl.it\/wp-content\/uploads\/2020\/05\/image2-min.jpeg?id=11995) !important;background-position: center !important;background-repeat: no-repeat !important;background-size: cover !important;}&#8221; offset=&#8221;vc_col-lg-6 vc_col-md-6&#8243;][\/vc_column][vc_column css=&#8221;.vc_custom_1589989378914{padding-right: 80px !important;padding-left: 80px !important;background-color: #f2f2f2 !important;background-position: center !important;background-repeat: no-repeat !important;background-size: cover !important;}&#8221; offset=&#8221;vc_col-lg-6 vc_col-md-6 vc_hidden-sm vc_hidden-xs&#8221;][vc_empty_space height=&#8221;75px&#8221;][vc_empty_space height=&#8221;40px&#8221;][vc_column_text]TKI offre un service complet d&#8217;assistance technique, de surveillance et de maintenance (ordinaire et extraordinaire) sur les syst\u00e8mes \u00e9lectrom\u00e9caniques ferroviaires et civils, et d&#8217;interventions sur les syst\u00e8mes \u00e9lectriques civils et industriels.<\/p>\n<p>Dans le domaine civil, outre la r\u00e9alisation d&#8217;enqu\u00eates factuelles sur les structures, l&#8217;entretien et le contr\u00f4le de l&#8217;\u00e9tat des lieux des b\u00e2timents civils et industriels, l&#8217;offre de l&#8217;entreprise comprend des \u00e9valuations d&#8217;efficacit\u00e9 \u00e9nerg\u00e9tique et des adaptations de syst\u00e8mes pr\u00e9existants, d&#8217;assainissement et de contr\u00f4le de la qualit\u00e8 des environnements internes.[\/vc_column_text][vc_empty_space height=&#8221;55px&#8221;][\/vc_column][\/vc_row][vc_row][vc_column][vc_empty_space height=&#8221;80px&#8221;][\/vc_column][\/vc_row]<\/p>\n","protected":false},"excerpt":{"rendered":"<p>[vc_row][vc_column][vc_empty_space height=&#8221;80px&#8221;][\/vc_column][\/vc_row][vc_row equal_height=&#8221;yes&#8221;][vc_column st_column_responsive_remove_css=&#8221;st-remove-paddings&#8221; css=&#8221;.vc_custom_1484603428916{padding-right: 80px !important;padding-left: 80px !important;background-color: #f2f2f2 !important;}&#8221; offset=&#8221;vc_col-lg-6 vc_col-md-6&#8243;][vc_empty_space height=&#8221;75px&#8221;][vc_empty_space height=&#8221;40px&#8221;][vc_column_text]Les activit\u00e9s d\u2019entretien et d&#8217;assistance technique professionnelle propos\u00e9es par Tekno Kons Innovations s&#8217;\u00e9tendent aux diff\u00e9rents secteurs&#8230;<\/p>\n","protected":false},"author":1,"featured_media":12927,"parent":13027,"menu_order":23,"comment_status":"closed","ping_status":"closed","template":"page-templates\/page-for-composer.php","meta":[],"_links":{"self":[{"href":"https:\/\/www.tkisrl.it\/fr\/wp-json\/wp\/v2\/pages\/13061"}],"collection":[{"href":"https:\/\/www.tkisrl.it\/fr\/wp-json\/wp\/v2\/pages"}],"about":[{"href":"https:\/\/www.tkisrl.it\/fr\/wp-json\/wp\/v2\/types\/page"}],"author":[{"embeddable":true,"href":"https:\/\/www.tkisrl.it\/fr\/wp-json\/wp\/v2\/users\/1"}],"replies":[{"embeddable":true,"href":"https:\/\/www.tkisrl.it\/fr\/wp-json\/wp\/v2\/comments?post=13061"}],"version-history":[{"count":3,"href":"https:\/\/www.tkisrl.it\/fr\/wp-json\/wp\/v2\/pages\/13061\/revisions"}],"predecessor-version":[{"id":13064,"href":"https:\/\/www.tkisrl.it\/fr\/wp-json\/wp\/v2\/pages\/13061\/revisions\/13064"}],"up":[{"embeddable":true,"href":"https:\/\/www.tkisrl.it\/fr\/wp-json\/wp\/v2\/pages\/13027"}],"wp:featuredmedia":[{"embeddable":true,"href":"https:\/\/www.tkisrl.it\/fr\/wp-json\/wp\/v2\/media\/12927"}],"wp:attachment":[{"href":"https:\/\/www.tkisrl.it\/fr\/wp-json\/wp\/v2\/media?parent=13061"}],"curies":[{"name":"wp","href":"https:\/\/api.w.org\/{rel}","templated":true}]}}