{"id":13065,"date":"2020-05-20T18:14:14","date_gmt":"2020-05-20T16:14:14","guid":{"rendered":"https:\/\/www.tkisrl.it\/i-nostri-servizi\/servizi-ferroviari\/"},"modified":"2023-04-17T10:08:39","modified_gmt":"2023-04-17T08:08:39","slug":"servizi-ferroviari","status":"publish","type":"page","link":"https:\/\/www.tkisrl.it\/fr\/i-nostri-servizi\/servizi-ferroviari\/","title":{"rendered":"SERVICES FERROVIAIRES"},"content":{"rendered":"<p>[vc_row][vc_column][vc_empty_space height=&#8221;80px&#8221;][\/vc_column][\/vc_row][vc_row equal_height=&#8221;yes&#8221;][vc_column st_column_responsive_remove_css=&#8221;st-remove-paddings&#8221; css=&#8221;.vc_custom_1484603428916{padding-right: 80px !important;padding-left: 80px !important;background-color: #f2f2f2 !important;}&#8221; offset=&#8221;vc_col-lg-6 vc_col-md-6&#8243;][vc_empty_space height=&#8221;75px&#8221;]<div id=\"ultimate-heading-828869e62870e2737\" class=\"uvc-heading ult-adjust-bottom-margin ultimate-heading-828869e62870e2737 uvc-6778  enable-elem side h2\" data-hspacer=\"no_spacer\"  data-halign=\"left\" style=\"text-align:left;\"><i class=\"st-h-before\"><i><\/i><\/i><div class=\"uvc-heading-spacer no_spacer\" style=\"top\"><\/div><div class=\"uvc-main-heading ult-responsive\"  data-ultimate-target='.uvc-heading.ultimate-heading-828869e62870e2737 h2'  data-responsive-json-new='{\"font-size\":\"desktop:32px;\",\"line-height\":\"\"}' ><h2 style=\"font-weight:bold;\">SERVICES FERROVIAIRES<\/h2><\/div><\/div>[vc_empty_space height=&#8221;40px&#8221;][vc_column_text]L&#8217;activit\u00e9 intense men\u00e9e dans le secteur ferroviaire de 2017 \u00e0 2020, a conduit Tekno Kons Innovations \u00e0 \u00e9tendre la gamme de services offerts gr\u00e2ce \u00e0 l&#8217;expansion de sa flotte de machines avec la disponibilit\u00e9 de chariots ferroviaires con\u00e7us et fabriqu\u00e9s pour supporter les principaux processus li\u00e9s \u00e0 la construction , la gestion et la surveillance des r\u00e9seaux ferroviaires, m\u00e9tropolitains et nationaux.<\/p>\n<p>Un aspect non n\u00e9gligeable de ce d\u00e9partement de l&#8217;entreprise est repr\u00e9sent\u00e9 par le RTMS &#8211; Railway Transport Management System &#8211; qui, rassemblant l&#8217;exp\u00e9rience acquise sur le terrain dans le secteur de r\u00e9f\u00e9rence, englobe la capacit\u00e9 d&#8217;organiser, de coordonner et de g\u00e9rer les aspects logistiques li\u00e9s aux activit\u00e9s ferroviaires, qu&#8217;ils soient de nature constructive ou de maintenance.<\/p>\n<p>La capacit\u00e9 d&#8217;exploiter une flotte de v\u00e9hicules pour le transport de mat\u00e9riaux, proc\u00e9d\u00e9s et installations n\u00e9cessaires \u00e0 la construction d&#8217;un ouvrage ferroviaire est obtenue gr\u00e2ce \u00e0 la disponibilit\u00e9 de n. 5 chariots \u00e9lectriques \u00a0ind\u00e9pendants ou combin\u00e9s et un Mercedes Unimog Bimodal, capables de satisfaire les diff\u00e9rents besoins des partenaires commerciaux.[\/vc_column_text][vc_empty_space height=&#8221;55px&#8221;][\/vc_column][vc_column css=&#8221;.vc_custom_1590078996784{background-image: url(https:\/\/www.tkisrl.it\/wp-content\/uploads\/2020\/05\/39940-min.jpg?id=11989) !important;background-position: center !important;background-repeat: no-repeat !important;background-size: contain !important;}&#8221; offset=&#8221;vc_col-lg-6 vc_col-md-6 vc_hidden-sm vc_hidden-xs&#8221;][\/vc_column][\/vc_row][vc_row equal_height=&#8221;yes&#8221;][vc_column st_column_responsive_remove_css=&#8221;st-remove-paddings&#8221; css=&#8221;.vc_custom_1590079072090{padding-right: 80px !important;padding-left: 80px !important;background: #f2f2f2 url(https:\/\/www.tkisrl.it\/wp-content\/uploads\/2020\/05\/img.jpeg?id=11990) !important;background-position: center !important;background-repeat: no-repeat !important;background-size: cover !important;}&#8221; offset=&#8221;vc_col-lg-6 vc_col-md-6&#8243;][\/vc_column][vc_column css=&#8221;.vc_custom_1589989378914{padding-right: 80px !important;padding-left: 80px !important;background-color: #f2f2f2 !important;background-position: center !important;background-repeat: no-repeat !important;background-size: cover !important;}&#8221; offset=&#8221;vc_col-lg-6 vc_col-md-6 vc_hidden-sm vc_hidden-xs&#8221;][vc_empty_space height=&#8221;75px&#8221;][vc_empty_space height=&#8221;40px&#8221;][vc_column_text]Pour garantir l&#8217;ex\u00e9cution des activit\u00e9s en toute efficacit\u00e9 et s\u00e9curit\u00e9, Tekno Kons Innovations est en mesure d&#8217;offrir, gr\u00e2ce \u00e0 l&#8217;aide de logiciels d\u00e9di\u00e9s, des services de gestion et de coordination dans la phase d&#8217;ex\u00e9cution et d&#8217;exercice, utilis\u00e9s dans les grands projets d&#8217;infrastructure pour la construction de tunnels, ponts et autoroutes. Les prestations concernent la planification et la coordination des activit\u00e9s logistiques, le syst\u00e8me de gestion PTW &#8211; Permit to Work, la coordination des installations temporaires et permanentes, la gestion de l&#8217;exploitation du syst\u00e8me et des activit\u00e9s de maintenance pendant toute la dur\u00e9e de vie de l&#8217;ouvrage.<\/p>\n<p>Permit To Work, en particulier, fait r\u00e9f\u00e9rence \u00e0 la gestion des syst\u00e8mes utilis\u00e9s pour garantir que le travail soit effectu\u00e9 de mani\u00e8re s\u00fbre et efficace sur les chantiers de construction o\u00f9 Tekno Kons Innovations exerce des activit\u00e9s de coordination et de gestion. Les crit\u00e8res s&#8217;appliquent aux secteurs les plus \u00e0 risque et pr\u00e9voient l&#8217;application de proc\u00e9dures pour demander, examiner, autoriser, documenter et surtout r\u00e9glementer les activit\u00e9s exerc\u00e9es par les entreprises et les travailleurs. La ma\u00eetrise des travaux est garantie gr\u00e2ce \u00e0 la gestion des permis de travail, l&#8217;identification des dangers et l&#8217;\u00e9valuation des risques (RA), et la mise en place des mesures n\u00e9cessaires \u00e0 leur att\u00e9nuation (IM).[\/vc_column_text][vc_empty_space height=&#8221;55px&#8221;][\/vc_column][\/vc_row][vc_row][vc_column][vc_empty_space height=&#8221;80px&#8221;][\/vc_column][\/vc_row]<\/p>\n","protected":false},"excerpt":{"rendered":"<p>[vc_row][vc_column][vc_empty_space height=&#8221;80px&#8221;][\/vc_column][\/vc_row][vc_row equal_height=&#8221;yes&#8221;][vc_column st_column_responsive_remove_css=&#8221;st-remove-paddings&#8221; css=&#8221;.vc_custom_1484603428916{padding-right: 80px !important;padding-left: 80px !important;background-color: #f2f2f2 !important;}&#8221; offset=&#8221;vc_col-lg-6 vc_col-md-6&#8243;][vc_empty_space height=&#8221;75px&#8221;][vc_empty_space height=&#8221;40px&#8221;][vc_column_text]L&#8217;activit\u00e9 intense men\u00e9e dans le secteur ferroviaire de 2017 \u00e0 2020, a conduit Tekno Kons Innovations&#8230;<\/p>\n","protected":false},"author":1,"featured_media":12927,"parent":13027,"menu_order":23,"comment_status":"closed","ping_status":"closed","template":"page-templates\/page-for-composer.php","meta":[],"_links":{"self":[{"href":"https:\/\/www.tkisrl.it\/fr\/wp-json\/wp\/v2\/pages\/13065"}],"collection":[{"href":"https:\/\/www.tkisrl.it\/fr\/wp-json\/wp\/v2\/pages"}],"about":[{"href":"https:\/\/www.tkisrl.it\/fr\/wp-json\/wp\/v2\/types\/page"}],"author":[{"embeddable":true,"href":"https:\/\/www.tkisrl.it\/fr\/wp-json\/wp\/v2\/users\/1"}],"replies":[{"embeddable":true,"href":"https:\/\/www.tkisrl.it\/fr\/wp-json\/wp\/v2\/comments?post=13065"}],"version-history":[{"count":2,"href":"https:\/\/www.tkisrl.it\/fr\/wp-json\/wp\/v2\/pages\/13065\/revisions"}],"predecessor-version":[{"id":13067,"href":"https:\/\/www.tkisrl.it\/fr\/wp-json\/wp\/v2\/pages\/13065\/revisions\/13067"}],"up":[{"embeddable":true,"href":"https:\/\/www.tkisrl.it\/fr\/wp-json\/wp\/v2\/pages\/13027"}],"wp:featuredmedia":[{"embeddable":true,"href":"https:\/\/www.tkisrl.it\/fr\/wp-json\/wp\/v2\/media\/12927"}],"wp:attachment":[{"href":"https:\/\/www.tkisrl.it\/fr\/wp-json\/wp\/v2\/media?parent=13065"}],"curies":[{"name":"wp","href":"https:\/\/api.w.org\/{rel}","templated":true}]}}