{"id":13068,"date":"2020-05-20T18:17:44","date_gmt":"2020-05-20T16:17:44","guid":{"rendered":"https:\/\/www.tkisrl.it\/i-nostri-servizi\/3d-works\/"},"modified":"2023-04-17T10:08:38","modified_gmt":"2023-04-17T08:08:38","slug":"3d-works","status":"publish","type":"page","link":"https:\/\/www.tkisrl.it\/fr\/i-nostri-servizi\/3d-works\/","title":{"rendered":"3d works"},"content":{"rendered":"<p>[vc_row][vc_column][vc_empty_space height=&#8221;80px&#8221;][\/vc_column][\/vc_row][vc_row equal_height=&#8221;yes&#8221;][vc_column st_column_responsive_remove_css=&#8221;st-remove-paddings&#8221; css=&#8221;.vc_custom_1484603428916{padding-right: 80px !important;padding-left: 80px !important;background-color: #f2f2f2 !important;}&#8221; offset=&#8221;vc_col-lg-6 vc_col-md-6&#8243;][vc_empty_space height=&#8221;75px&#8221;]<div id=\"ultimate-heading-340469e62450e5ae2\" class=\"uvc-heading ult-adjust-bottom-margin ultimate-heading-340469e62450e5ae2 uvc-2242  enable-elem side h2\" data-hspacer=\"no_spacer\"  data-halign=\"left\" style=\"text-align:left;\"><i class=\"st-h-before\"><i><\/i><\/i><div class=\"uvc-heading-spacer no_spacer\" style=\"top\"><\/div><div class=\"uvc-main-heading ult-responsive\"  data-ultimate-target='.uvc-heading.ultimate-heading-340469e62450e5ae2 h2'  data-responsive-json-new='{\"font-size\":\"desktop:32px;\",\"line-height\":\"\"}' ><h2 style=\"font-weight:bold;\">3D WORKS<\/h2><\/div><\/div>[vc_empty_space height=&#8221;40px&#8221;][vc_column_text]La recherche continue de nouvelles solutions d&#8217;ing\u00e9nierie pour la num\u00e9risation de la construction et des processus industriels a conduit Tekno Kons Innovations \u00e0 d\u00e9velopper de nouvelles m\u00e9thodes de fonctionnement capables de r\u00e9pondre aux besoins d&#8217;un march\u00e9 de plus en plus consacr\u00e9 aux Smart Solutions, gr\u00e2ce \u00e0 l&#8217;utilisation de technologies bas\u00e9es sur la consolidation du concept de CIM \u2013 Computer integrated Manufacturing.<\/p>\n<p>Gr\u00e2ce \u00e0 l&#8217;int\u00e9gration de plus en plus avanc\u00e9e des diff\u00e9rentes fonctions de l&#8217;entreprise avec les processus d&#8217;impression 3D, en effet, l&#8217;entreprise s&#8217;est engag\u00e9e dans une voie qui conduira \u00e0 la d\u00e9finition d&#8217;un nouvel atout oggi organisationnel bas\u00e9 sur les canons et les principes de l&#8217;industrie 4.0.[\/vc_column_text][vc_empty_space height=&#8221;55px&#8221;][\/vc_column][vc_column css=&#8221;.vc_custom_1590080134073{background-image: url(https:\/\/www.tkisrl.it\/wp-content\/uploads\/2020\/05\/nuovo-convertitore-3d-per-la-stampa-di-modelli-3d-prodotti-min.jpg?id=11999) !important;background-position: center !important;background-repeat: no-repeat !important;background-size: cover !important;}&#8221; offset=&#8221;vc_col-lg-6 vc_col-md-6 vc_hidden-sm vc_hidden-xs&#8221;][\/vc_column][\/vc_row][vc_row equal_height=&#8221;yes&#8221;][vc_column st_column_responsive_remove_css=&#8221;st-remove-paddings&#8221; css=&#8221;.vc_custom_1590080144461{padding-right: 80px !important;padding-left: 80px !important;background: #f2f2f2 url(https:\/\/www.tkisrl.it\/wp-content\/uploads\/2020\/05\/print3d-1060&#215;424-min.jpg?id=12000) !important;}&#8221; offset=&#8221;vc_col-lg-6 vc_col-md-6&#8243;][\/vc_column][vc_column css=&#8221;.vc_custom_1589989378914{padding-right: 80px !important;padding-left: 80px !important;background-color: #f2f2f2 !important;background-position: center !important;background-repeat: no-repeat !important;background-size: cover !important;}&#8221; offset=&#8221;vc_col-lg-6 vc_col-md-6 vc_hidden-sm vc_hidden-xs&#8221;][vc_empty_space height=&#8221;75px&#8221;][vc_column_text]Le partenariat avec des entreprises sp\u00e9cialis\u00e9es dans le d\u00e9veloppement de solutions 3D avanc\u00e9es permet \u00e0 Tekno Kons Innovations d&#8217;offrir des services de num\u00e9risation 3D, d&#8217;analyse topologique, de conception et d&#8217;ing\u00e9nierie inverse (Concept Design et Reverse Engineering), \u00a0pour le d\u00e9veloppement de produits et services hautement caract\u00e9ris\u00e9s, bas\u00e9s sur le prototypage et la conception sur mesure (tailor made).<\/p>\n<p>Les multiples applications d&#8217;une m\u00e9thodologie bas\u00e9e sur la AM \u2013 Additive Manufacturing, dite &#8211; \u00a0permettent d&#8217;\u00e9largir le champ d&#8217;action du conseil offert aux secteurs de l&#8217;Architecture et de la Construction, de l&#8217;Industrie Manufacturi\u00e8re et de la Production Industrielle, mais aussi aux entreprises sp\u00e9cialis\u00e9es op\u00e9rant dans les secteurs A\u00e9ronautique, Automobile et Biom\u00e9dical[\/vc_column_text][vc_empty_space height=&#8221;55px&#8221;][\/vc_column][\/vc_row][vc_row equal_height=&#8221;yes&#8221;][vc_column st_column_responsive_remove_css=&#8221;st-remove-paddings&#8221; css=&#8221;.vc_custom_1484603428916{padding-right: 80px !important;padding-left: 80px !important;background-color: #f2f2f2 !important;}&#8221; offset=&#8221;vc_col-lg-6 vc_col-md-6&#8243;][vc_empty_space height=&#8221;75px&#8221;][vc_column_text]La possibilit\u00e9 d&#8217;exploiter le potentiel de diff\u00e9rentes technologies nous permet de fournir une large gamme de solutions bas\u00e9es sur des processus de production num\u00e9ris\u00e9s tels que :<\/p>\n<ul>\n<li>Scans 3D : cr\u00e9ation de mod\u00e8les r\u00e9alistes gr\u00e2ce \u00e0 l&#8217;utilisation des technologies ARTEC\u00ae ;<\/li>\n<li>Conception et Prototypage 3D\u00a0:<\/li>\n<li>Impressions 3D et FDM \u2013 Fused deposition modeling : impressions multi-mat\u00e9riaux de prototypes haute d\u00e9finition (0,005m \u00f7 5\u00b5m) pour la r\u00e9alisation de projets complexes et personnalis\u00e9s, m\u00eame en s\u00e9rie, par moulage par injection ou par thermoforage ;<\/li>\n<li>D\u00e9coupe laser &amp; CNC \u2013 Commande num\u00e9rique par ordinateur ;<\/li>\n<li>St\u00e9r\u00e9olithographie et Formlabs\u00ae.<\/li>\n<\/ul>\n<p>Avec des services d&#8217;impression en relief et 3D, Tekno Kons Innovations compl\u00e8te son offre de services int\u00e9gr\u00e9s aux entreprises, d\u00e9montrant encore plus sa propension \u00e0 r\u00e9pondre aux besoins d&#8217;un march\u00e9 en constante \u00e9volution qui oblige les entreprises 4.0 \u00e0 relever les d\u00e9fis continus de l&#8217;industrie num\u00e9rique, en l&#8217;accompagnant dans le construction de r\u00e9alit\u00e9s productives de plus en plus sp\u00e9cialis\u00e9es et performantes.[\/vc_column_text][vc_empty_space height=&#8221;55px&#8221;][\/vc_column][vc_column css=&#8221;.vc_custom_1590080153313{background-image: url(https:\/\/www.tkisrl.it\/wp-content\/uploads\/2020\/05\/image-min.jpg?id=11998) !important;background-position: center !important;background-repeat: no-repeat !important;background-size: cover !important;}&#8221; offset=&#8221;vc_col-lg-6 vc_col-md-6 vc_hidden-sm vc_hidden-xs&#8221;][\/vc_column][\/vc_row][vc_row][vc_column][vc_empty_space height=&#8221;80px&#8221;][\/vc_column][\/vc_row]<\/p>\n","protected":false},"excerpt":{"rendered":"<p>[vc_row][vc_column][vc_empty_space height=&#8221;80px&#8221;][\/vc_column][\/vc_row][vc_row equal_height=&#8221;yes&#8221;][vc_column st_column_responsive_remove_css=&#8221;st-remove-paddings&#8221; css=&#8221;.vc_custom_1484603428916{padding-right: 80px !important;padding-left: 80px !important;background-color: #f2f2f2 !important;}&#8221; offset=&#8221;vc_col-lg-6 vc_col-md-6&#8243;][vc_empty_space height=&#8221;75px&#8221;][vc_empty_space height=&#8221;40px&#8221;][vc_column_text]La recherche continue de nouvelles solutions d&#8217;ing\u00e9nierie pour la num\u00e9risation de la construction et des processus&#8230;<\/p>\n","protected":false},"author":1,"featured_media":12927,"parent":13027,"menu_order":23,"comment_status":"closed","ping_status":"closed","template":"page-templates\/page-for-composer.php","meta":[],"_links":{"self":[{"href":"https:\/\/www.tkisrl.it\/fr\/wp-json\/wp\/v2\/pages\/13068"}],"collection":[{"href":"https:\/\/www.tkisrl.it\/fr\/wp-json\/wp\/v2\/pages"}],"about":[{"href":"https:\/\/www.tkisrl.it\/fr\/wp-json\/wp\/v2\/types\/page"}],"author":[{"embeddable":true,"href":"https:\/\/www.tkisrl.it\/fr\/wp-json\/wp\/v2\/users\/1"}],"replies":[{"embeddable":true,"href":"https:\/\/www.tkisrl.it\/fr\/wp-json\/wp\/v2\/comments?post=13068"}],"version-history":[{"count":3,"href":"https:\/\/www.tkisrl.it\/fr\/wp-json\/wp\/v2\/pages\/13068\/revisions"}],"predecessor-version":[{"id":13071,"href":"https:\/\/www.tkisrl.it\/fr\/wp-json\/wp\/v2\/pages\/13068\/revisions\/13071"}],"up":[{"embeddable":true,"href":"https:\/\/www.tkisrl.it\/fr\/wp-json\/wp\/v2\/pages\/13027"}],"wp:featuredmedia":[{"embeddable":true,"href":"https:\/\/www.tkisrl.it\/fr\/wp-json\/wp\/v2\/media\/12927"}],"wp:attachment":[{"href":"https:\/\/www.tkisrl.it\/fr\/wp-json\/wp\/v2\/media?parent=13068"}],"curies":[{"name":"wp","href":"https:\/\/api.w.org\/{rel}","templated":true}]}}